{"id":191,"date":"2025-08-01T08:42:06","date_gmt":"2025-08-01T08:42:06","guid":{"rendered":"https:\/\/www.suzertekstil.com.tr\/?page_id=191"},"modified":"2026-02-10T20:03:36","modified_gmt":"2026-02-10T20:03:36","slug":"iletisim","status":"publish","type":"page","link":"https:\/\/suzertekstil.com.tr\/en\/contact-us\/","title":{"rendered":"Contact Us"},"content":{"rendered":"<div data-elementor-type=\"wp-page\" data-elementor-id=\"191\" class=\"elementor elementor-191\" data-elementor-post-type=\"page\">\n\t\t\t\t<div class=\"elementor-element elementor-element-1db3d61 e-con-full e-flex e-con e-parent\" data-id=\"1db3d61\" data-element_type=\"container\" data-e-type=\"container\" data-settings=\"{&quot;background_background&quot;:&quot;gradient&quot;,&quot;shape_divider_bottom&quot;:&quot;curve&quot;,&quot;shape_divider_bottom_negative&quot;:&quot;yes&quot;}\">\n\t\t\t\t<div class=\"elementor-shape elementor-shape-bottom\" aria-hidden=\"true\" data-negative=\"true\">\n\t\t\t<svg xmlns=\"http:\/\/www.w3.org\/2000\/svg\" viewbox=\"0 0 1000 100\" preserveaspectratio=\"none\">\n\t<path class=\"elementor-shape-fill\" d=\"M500,97C126.7,96.3,0.8,19.8,0,0v100l1000,0V1C1000,19.4,873.3,97.8,500,97z\"\/>\n<\/svg>\t\t<\/div>\n\t\t<div class=\"elementor-element elementor-element-a460271 e-con-full e-flex e-con e-child\" data-id=\"a460271\" data-element_type=\"container\" data-e-type=\"container\">\n\t\t\t\t<div class=\"elementor-element elementor-element-677d85e elementor-invisible elementor-widget elementor-widget-heading\" data-id=\"677d85e\" data-element_type=\"widget\" data-e-type=\"widget\" data-settings=\"{&quot;_animation&quot;:&quot;fadeInDown&quot;}\" data-widget_type=\"heading.default\">\n\t\t\t\t<div class=\"elementor-widget-container\">\n\t\t\t\t\t<h1 class=\"elementor-heading-title elementor-size-default\">Contact Us<\/h1>\t\t\t\t<\/div>\n\t\t\t\t<\/div>\n\t\t\t\t<div class=\"elementor-element elementor-element-aaaf75f elementor-invisible elementor-widget elementor-widget-heading\" data-id=\"aaaf75f\" data-element_type=\"widget\" data-e-type=\"widget\" data-settings=\"{&quot;_animation&quot;:&quot;fadeInUp&quot;,&quot;_animation_delay&quot;:500}\" data-widget_type=\"heading.default\">\n\t\t\t\t<div class=\"elementor-widget-container\">\n\t\t\t\t\t<h2 class=\"elementor-heading-title elementor-size-default\">-<\/h2>\t\t\t\t<\/div>\n\t\t\t\t<\/div>\n\t\t\t\t<\/div>\n\t\t\t\t<\/div>\n\t\t<div class=\"elementor-element elementor-element-a66b65e elementor-hidden-tablet elementor-hidden-mobile e-flex e-con-boxed e-con e-parent\" data-id=\"a66b65e\" data-element_type=\"container\" data-e-type=\"container\">\n\t\t\t\t\t<div class=\"e-con-inner\">\n\t\t\t\t<div class=\"elementor-element elementor-element-bcc89ea elementor-widget elementor-widget-heading\" data-id=\"bcc89ea\" data-element_type=\"widget\" data-e-type=\"widget\" data-widget_type=\"heading.default\">\n\t\t\t\t<div class=\"elementor-widget-container\">\n\t\t\t\t\t<h2 class=\"elementor-heading-title elementor-size-default\">Our Social Media Accounts<\/h2>\t\t\t\t<\/div>\n\t\t\t\t<\/div>\n\t\t\t\t<div class=\"elementor-element elementor-element-fe283ab elementor-shape-rounded elementor-grid-0 e-grid-align-center elementor-widget elementor-widget-social-icons\" data-id=\"fe283ab\" data-element_type=\"widget\" data-e-type=\"widget\" data-widget_type=\"social-icons.default\">\n\t\t\t\t<div class=\"elementor-widget-container\">\n\t\t\t\t\t\t\t<div class=\"elementor-social-icons-wrapper elementor-grid\" role=\"list\">\n\t\t\t\t\t\t\t<span class=\"elementor-grid-item\" role=\"listitem\">\n\t\t\t\t\t<a class=\"elementor-icon elementor-social-icon elementor-social-icon-linkedin elementor-repeater-item-a396eb0\" href=\"https:\/\/www.linkedin.com\/company\/suzer-textile-co\/\" target=\"_blank\">\n\t\t\t\t\t\t<span class=\"elementor-screen-only\">Linkedin<\/span>\n\t\t\t\t\t\t<svg aria-hidden=\"true\" class=\"e-font-icon-svg e-fab-linkedin\" viewbox=\"0 0 448 512\" xmlns=\"http:\/\/www.w3.org\/2000\/svg\"><path d=\"M416 32H31.9C14.3 32 0 46.5 0 64.3v383.4C0 465.5 14.3 480 31.9 480H416c17.6 0 32-14.5 32-32.3V64.3c0-17.8-14.4-32.3-32-32.3zM135.4 416H69V202.2h66.5V416zm-33.2-243c-21.3 0-38.5-17.3-38.5-38.5S80.9 96 102.2 96c21.2 0 38.5 17.3 38.5 38.5 0 21.3-17.2 38.5-38.5 38.5zm282.1 243h-66.4V312c0-24.8-.5-56.7-34.5-56.7-34.6 0-39.9 27-39.9 54.9V416h-66.4V202.2h63.7v29.2h.9c8.9-16.8 30.6-34.5 62.9-34.5 67.2 0 79.7 44.3 79.7 101.9V416z\"><\/path><\/svg>\t\t\t\t\t<\/a>\n\t\t\t\t<\/span>\n\t\t\t\t\t\t\t<span class=\"elementor-grid-item\" role=\"listitem\">\n\t\t\t\t\t<a class=\"elementor-icon elementor-social-icon elementor-social-icon-instagram elementor-repeater-item-ae55c1e\" href=\"https:\/\/www.instagram.com\/suzertextilegroup\/\" target=\"_blank\">\n\t\t\t\t\t\t<span class=\"elementor-screen-only\">Instagram<\/span>\n\t\t\t\t\t\t<svg aria-hidden=\"true\" class=\"e-font-icon-svg e-fab-instagram\" viewbox=\"0 0 448 512\" xmlns=\"http:\/\/www.w3.org\/2000\/svg\"><path d=\"M224.1 141c-63.6 0-114.9 51.3-114.9 114.9s51.3 114.9 114.9 114.9S339 319.5 339 255.9 287.7 141 224.1 141zm0 189.6c-41.1 0-74.7-33.5-74.7-74.7s33.5-74.7 74.7-74.7 74.7 33.5 74.7 74.7-33.6 74.7-74.7 74.7zm146.4-194.3c0 14.9-12 26.8-26.8 26.8-14.9 0-26.8-12-26.8-26.8s12-26.8 26.8-26.8 26.8 12 26.8 26.8zm76.1 27.2c-1.7-35.9-9.9-67.7-36.2-93.9-26.2-26.2-58-34.4-93.9-36.2-37-2.1-147.9-2.1-184.9 0-35.8 1.7-67.6 9.9-93.9 36.1s-34.4 58-36.2 93.9c-2.1 37-2.1 147.9 0 184.9 1.7 35.9 9.9 67.7 36.2 93.9s58 34.4 93.9 36.2c37 2.1 147.9 2.1 184.9 0 35.9-1.7 67.7-9.9 93.9-36.2 26.2-26.2 34.4-58 36.2-93.9 2.1-37 2.1-147.8 0-184.8zM398.8 388c-7.8 19.6-22.9 34.7-42.6 42.6-29.5 11.7-99.5 9-132.1 9s-102.7 2.6-132.1-9c-19.6-7.8-34.7-22.9-42.6-42.6-11.7-29.5-9-99.5-9-132.1s-2.6-102.7 9-132.1c7.8-19.6 22.9-34.7 42.6-42.6 29.5-11.7 99.5-9 132.1-9s102.7-2.6 132.1 9c19.6 7.8 34.7 22.9 42.6 42.6 11.7 29.5 9 99.5 9 132.1s2.7 102.7-9 132.1z\"><\/path><\/svg>\t\t\t\t\t<\/a>\n\t\t\t\t<\/span>\n\t\t\t\t\t<\/div>\n\t\t\t\t\t\t<\/div>\n\t\t\t\t<\/div>\n\t\t\t\t\t<\/div>\n\t\t\t\t<\/div>\n\t\t<div class=\"elementor-element elementor-element-766b4b1 e-con-full e-flex e-con e-parent\" data-id=\"766b4b1\" data-element_type=\"container\" data-e-type=\"container\" data-settings=\"{&quot;background_background&quot;:&quot;classic&quot;}\">\n\t\t<div class=\"elementor-element elementor-element-76ce56b e-flex e-con-boxed e-con e-child\" data-id=\"76ce56b\" data-element_type=\"container\" data-e-type=\"container\">\n\t\t\t\t\t<div class=\"e-con-inner\">\n\t\t<div class=\"elementor-element elementor-element-2f9a6ad e-con-full e-flex e-con e-child\" data-id=\"2f9a6ad\" data-element_type=\"container\" data-e-type=\"container\">\n\t\t<div class=\"elementor-element elementor-element-e9a56f5 e-con-full e-flex e-con e-child\" data-id=\"e9a56f5\" data-element_type=\"container\" data-e-type=\"container\">\n\t\t\t\t<div class=\"elementor-element elementor-element-38d4e8d elementor-widget elementor-widget-google_maps\" data-id=\"38d4e8d\" data-element_type=\"widget\" data-e-type=\"widget\" data-widget_type=\"google_maps.default\">\n\t\t\t\t<div class=\"elementor-widget-container\">\n\t\t\t\t\t\t\t<div class=\"elementor-custom-embed\">\n\t\t\t<iframe loading=\"lazy\"\n\t\t\t\t\tsrc=\"https:\/\/maps.google.com\/maps?q=S%C3%BCzer%20Tekstil%20San.%20ve%20Tic.%20Ltd.%20%C5%9Eti.&#038;t=m&#038;z=10&#038;output=embed&#038;iwloc=near\"\n\t\t\t\t\ttitle=\"S\u00fczer Tekstil San. ve Tic. Ltd. \u015eti.\"\n\t\t\t\t\taria-label=\"S\u00fczer Tekstil San. ve Tic. Ltd. \u015eti.\"\n\t\t\t><\/iframe>\n\t\t<\/div>\n\t\t\t\t\t\t<\/div>\n\t\t\t\t<\/div>\n\t\t\t\t<\/div>\n\t\t\t\t<\/div>\n\t\t<div class=\"elementor-element elementor-element-293474f e-con-full e-flex e-con e-child\" data-id=\"293474f\" data-element_type=\"container\" data-e-type=\"container\">\n\t\t\t\t<div class=\"elementor-element elementor-element-63550d1 elementor-widget elementor-widget-heading\" data-id=\"63550d1\" data-element_type=\"widget\" data-e-type=\"widget\" data-widget_type=\"heading.default\">\n\t\t\t\t<div class=\"elementor-widget-container\">\n\t\t\t\t\t<h2 class=\"elementor-heading-title elementor-size-default\">Factory<\/h2>\t\t\t\t<\/div>\n\t\t\t\t<\/div>\n\t\t\t\t<div class=\"elementor-element elementor-element-76a4d39 elementor-widget elementor-widget-heading\" data-id=\"76a4d39\" data-element_type=\"widget\" data-e-type=\"widget\" data-widget_type=\"heading.default\">\n\t\t\t\t<div class=\"elementor-widget-container\">\n\t\t\t\t\t<h2 class=\"elementor-heading-title elementor-size-default\">S\u00fczer Tekstil Grup San. ve Tic. Ltd. \u015eti.<\/h2>\t\t\t\t<\/div>\n\t\t\t\t<\/div>\n\t\t\t\t<div class=\"elementor-element elementor-element-ee846ef elementor-widget elementor-widget-text-editor\" data-id=\"ee846ef\" data-element_type=\"widget\" data-e-type=\"widget\" data-widget_type=\"text-editor.default\">\n\t\t\t\t<div class=\"elementor-widget-container\">\n\t\t\t\t\t\t\t\t\t<p>Bozburun Mah. 7045. Sok No: 5\/3 Merkezefendi 20016<br \/>Denizli-T\u00fcrkiye<\/p>\t\t\t\t\t\t\t\t<\/div>\n\t\t\t\t<\/div>\n\t\t\t\t<div class=\"elementor-element elementor-element-cf1c6b1 elementor-widget elementor-widget-text-editor\" data-id=\"cf1c6b1\" data-element_type=\"widget\" data-e-type=\"widget\" data-widget_type=\"text-editor.default\">\n\t\t\t\t<div class=\"elementor-widget-container\">\n\t\t\t\t\t\t\t\t\t<a href=\"tel: 902583719141\">+90 258 371 91 41<\/a>\t\t\t\t\t\t\t\t<\/div>\n\t\t\t\t<\/div>\n\t\t\t\t<div class=\"elementor-element elementor-element-3c4c23a elementor-widget elementor-widget-text-editor\" data-id=\"3c4c23a\" data-element_type=\"widget\" data-e-type=\"widget\" data-widget_type=\"text-editor.default\">\n\t\t\t\t<div class=\"elementor-widget-container\">\n\t\t\t\t\t\t\t\t\t<a href=\"mailto:info@suzertekstil.com.tr\">info@suzertekstil.com.tr<\/a>\t\t\t\t\t\t\t\t<\/div>\n\t\t\t\t<\/div>\n\t\t\t\t<\/div>\n\t\t\t\t\t<\/div>\n\t\t\t\t<\/div>\n\t\t\t\t<\/div>\n\t\t<div class=\"elementor-element elementor-element-80029a8 e-con-full e-flex e-con e-parent\" data-id=\"80029a8\" data-element_type=\"container\" data-e-type=\"container\" data-settings=\"{&quot;background_background&quot;:&quot;classic&quot;}\">\n\t\t<div class=\"elementor-element elementor-element-aa34887 e-flex e-con-boxed e-con e-child\" data-id=\"aa34887\" data-element_type=\"container\" data-e-type=\"container\">\n\t\t\t\t\t<div class=\"e-con-inner\">\n\t\t<div class=\"elementor-element elementor-element-89d0074 e-con-full e-flex e-con e-child\" data-id=\"89d0074\" data-element_type=\"container\" data-e-type=\"container\">\n\t\t<div class=\"elementor-element elementor-element-d930bdf e-con-full e-flex e-con e-child\" data-id=\"d930bdf\" data-element_type=\"container\" data-e-type=\"container\">\n\t\t\t\t<div class=\"elementor-element elementor-element-b5565bc elementor-widget elementor-widget-google_maps\" data-id=\"b5565bc\" data-element_type=\"widget\" data-e-type=\"widget\" data-widget_type=\"google_maps.default\">\n\t\t\t\t<div class=\"elementor-widget-container\">\n\t\t\t\t\t\t\t<div class=\"elementor-custom-embed\">\n\t\t\t<iframe loading=\"lazy\"\n\t\t\t\t\tsrc=\"https:\/\/maps.google.com\/maps?q=S%C3%9CZER%20GLOBAL%2C%20SOCIEDAD%20LIMITADA%20Calle%20Pompeu%20Fabra%20No%3A%2010-12%20%E2%80%93%20Esc.B%201%20%E2%80%93%201A%20Postal%20Code%3A%2008860%20Castelldefels%2FBarcelona%2FSPAIN&#038;t=m&#038;z=10&#038;output=embed&#038;iwloc=near\"\n\t\t\t\t\ttitle=\"S\u00dcZER GLOBAL, SOCIEDAD LIMITADA Calle Pompeu Fabra No: 10-12 \u2013 Esc.B 1 \u2013 1A Postal Code: 08860 Castelldefels\/Barcelona\/SPAIN\"\n\t\t\t\t\taria-label=\"S\u00dcZER GLOBAL, SOCIEDAD LIMITADA Calle Pompeu Fabra No: 10-12 \u2013 Esc.B 1 \u2013 1A Postal Code: 08860 Castelldefels\/Barcelona\/SPAIN\"\n\t\t\t><\/iframe>\n\t\t<\/div>\n\t\t\t\t\t\t<\/div>\n\t\t\t\t<\/div>\n\t\t\t\t<\/div>\n\t\t\t\t<\/div>\n\t\t<div class=\"elementor-element elementor-element-c90d794 e-con-full e-flex e-con e-child\" data-id=\"c90d794\" data-element_type=\"container\" data-e-type=\"container\">\n\t\t\t\t<div class=\"elementor-element elementor-element-43a6747 elementor-widget elementor-widget-heading\" data-id=\"43a6747\" data-element_type=\"widget\" data-e-type=\"widget\" data-widget_type=\"heading.default\">\n\t\t\t\t<div class=\"elementor-widget-container\">\n\t\t\t\t\t<h2 class=\"elementor-heading-title elementor-size-default\">Office<\/h2>\t\t\t\t<\/div>\n\t\t\t\t<\/div>\n\t\t\t\t<div class=\"elementor-element elementor-element-5154e68 elementor-widget elementor-widget-heading\" data-id=\"5154e68\" data-element_type=\"widget\" data-e-type=\"widget\" data-widget_type=\"heading.default\">\n\t\t\t\t<div class=\"elementor-widget-container\">\n\t\t\t\t\t<h2 class=\"elementor-heading-title elementor-size-default\">Spain - S\u00fczer Global<\/h2>\t\t\t\t<\/div>\n\t\t\t\t<\/div>\n\t\t\t\t<div class=\"elementor-element elementor-element-3cb11b6 elementor-widget elementor-widget-text-editor\" data-id=\"3cb11b6\" data-element_type=\"widget\" data-e-type=\"widget\" data-widget_type=\"text-editor.default\">\n\t\t\t\t<div class=\"elementor-widget-container\">\n\t\t\t\t\t\t\t\t\t<p>S\u00dcZER GLOBAL, SOCIEDAD LIMITADA<br \/>Calle Pompeu Fabra No: 10-12 \u2013 Esc.B 1 \u2013 1A<br \/>Postal Code: 08860<br \/>Castelldefels\/Barcelona\/SPAIN<\/p>\t\t\t\t\t\t\t\t<\/div>\n\t\t\t\t<\/div>\n\t\t\t\t<div class=\"elementor-element elementor-element-95d2add elementor-widget elementor-widget-text-editor\" data-id=\"95d2add\" data-element_type=\"widget\" data-e-type=\"widget\" data-widget_type=\"text-editor.default\">\n\t\t\t\t<div class=\"elementor-widget-container\">\n\t\t\t\t\t\t\t\t\t<p><a href=\"tel: 34617075322\" target=\"_blank\" rel=\"noopener\">+34 617 07 53 22<\/a><\/p>\t\t\t\t\t\t\t\t<\/div>\n\t\t\t\t<\/div>\n\t\t\t\t<div class=\"elementor-element elementor-element-eab0928 elementor-widget elementor-widget-text-editor\" data-id=\"eab0928\" data-element_type=\"widget\" data-e-type=\"widget\" data-widget_type=\"text-editor.default\">\n\t\t\t\t<div class=\"elementor-widget-container\">\n\t\t\t\t\t\t\t\t\t<div><a href=\"mailto:info@suzerglobal.com\" target=\"_blank\" rel=\"noopener\">info@suzerglobal.com<\/a><\/div><div><a href=\"mailto:ergin@suzerglobal.com\" target=\"_blank\" rel=\"noopener\">ergin@suzerglobal.com<\/a><\/div>\t\t\t\t\t\t\t\t<\/div>\n\t\t\t\t<\/div>\n\t\t\t\t<\/div>\n\t\t\t\t\t<\/div>\n\t\t\t\t<\/div>\n\t\t\t\t<\/div>\n\t\t\t\t<\/div>","protected":false},"excerpt":{"rendered":"<p>\u0130leti\u015fim Bize Ula\u015f\u0131n Sosyal Medya Hesaplar\u0131m\u0131z Linkedin Instagram Fabrika S\u00fczer Tekstil Grup San. ve Tic. Ltd. \u015eti. Bozburun Mah. 7045. Sok No: 5\/3 Merkezefendi 20016Denizli-T\u00fcrkiye +90 258 371 91 41info@suzertekstil.com.tr Ofis \u0130spanya &#8211; S\u00fczer Global S\u00dcZER GLOBAL, SOCIEDAD LIMITADACalle Pompeu Fabra No: 10-12 \u2013 Esc.B 1 \u2013 1APostal Code: 08860Castelldefels\/Barcelona\/SPAIN +34 617 07 53 22&#8230;<\/p>","protected":false},"author":1,"featured_media":0,"parent":0,"menu_order":0,"comment_status":"closed","ping_status":"closed","template":"","meta":{"_kad_post_transparent":"","_kad_post_title":"hide","_kad_post_layout":"fullwidth","_kad_post_sidebar_id":"","_kad_post_content_style":"unboxed","_kad_post_vertical_padding":"hide","_kad_post_feature":"hide","_kad_post_feature_position":"","_kad_post_header":false,"_kad_post_footer":false,"_kad_post_classname":"","footnotes":""},"class_list":["post-191","page","type-page","status-publish","hentry"],"yoast_head":"<!-- This site is optimized with the Yoast SEO plugin v27.1.1 - https:\/\/yoast.com\/product\/yoast-seo-wordpress\/ -->\n<title>\u0130leti\u015fim - S\u00fczer Tekstil Grup<\/title>\n<meta name=\"robots\" content=\"index, follow, max-snippet:-1, max-image-preview:large, max-video-preview:-1\" \/>\n<link rel=\"canonical\" href=\"https:\/\/suzertekstil.com.tr\/en\/contact-us\/\" \/>\n<meta property=\"og:locale\" content=\"en_US\" \/>\n<meta property=\"og:type\" content=\"article\" \/>\n<meta property=\"og:title\" content=\"\u0130leti\u015fim - S\u00fczer Tekstil Grup\" \/>\n<meta property=\"og:description\" content=\"\u0130leti\u015fim Bize Ula\u015f\u0131n Sosyal Medya Hesaplar\u0131m\u0131z Linkedin Instagram Fabrika S\u00fczer Tekstil Grup San. ve Tic. Ltd. \u015eti. Bozburun Mah. 7045. Sok No: 5\/3 Merkezefendi 20016Denizli-T\u00fcrkiye +90 258 371 91 41info@suzertekstil.com.tr Ofis \u0130spanya &#8211; S\u00fczer Global S\u00dcZER GLOBAL, SOCIEDAD LIMITADACalle Pompeu Fabra No: 10-12 \u2013 Esc.B 1 \u2013 1APostal Code: 08860Castelldefels\/Barcelona\/SPAIN +34 617 07 53 22...\" \/>\n<meta property=\"og:url\" content=\"https:\/\/suzertekstil.com.tr\/en\/contact-us\/\" \/>\n<meta property=\"og:site_name\" content=\"S\u00fczer Tekstil Grup\" \/>\n<meta property=\"article:modified_time\" content=\"2026-02-10T20:03:36+00:00\" \/>\n<meta property=\"og:image\" content=\"https:\/\/suzertekstil.com.tr\/wp-content\/uploads\/2025\/11\/suzer-og-image.jpg\" \/>\n\t<meta property=\"og:image:width\" content=\"1200\" \/>\n\t<meta property=\"og:image:height\" content=\"720\" \/>\n\t<meta property=\"og:image:type\" content=\"image\/jpeg\" \/>\n<meta name=\"twitter:card\" content=\"summary_large_image\" \/>\n<meta name=\"twitter:label1\" content=\"Est. reading time\" \/>\n\t<meta name=\"twitter:data1\" content=\"1 minute\" \/>\n<script type=\"application\/ld+json\" class=\"yoast-schema-graph\">{\"@context\":\"https:\/\/schema.org\",\"@graph\":[{\"@type\":\"WebPage\",\"@id\":\"https:\/\/suzertekstil.com.tr\/iletisim\/\",\"url\":\"https:\/\/suzertekstil.com.tr\/iletisim\/\",\"name\":\"\u0130leti\u015fim - S\u00fczer Tekstil Grup\",\"isPartOf\":{\"@id\":\"https:\/\/suzertekstil.com.tr\/#website\"},\"datePublished\":\"2025-08-01T08:42:06+00:00\",\"dateModified\":\"2026-02-10T20:03:36+00:00\",\"breadcrumb\":{\"@id\":\"https:\/\/suzertekstil.com.tr\/iletisim\/#breadcrumb\"},\"inLanguage\":\"en-US\",\"potentialAction\":[{\"@type\":\"ReadAction\",\"target\":[\"https:\/\/suzertekstil.com.tr\/iletisim\/\"]}]},{\"@type\":\"BreadcrumbList\",\"@id\":\"https:\/\/suzertekstil.com.tr\/iletisim\/#breadcrumb\",\"itemListElement\":[{\"@type\":\"ListItem\",\"position\":1,\"name\":\"Anasayfa\",\"item\":\"https:\/\/suzertekstil.com.tr\/\"},{\"@type\":\"ListItem\",\"position\":2,\"name\":\"\u0130leti\u015fim\"}]},{\"@type\":\"WebSite\",\"@id\":\"https:\/\/suzertekstil.com.tr\/#website\",\"url\":\"https:\/\/suzertekstil.com.tr\/\",\"name\":\"S\u00fczer Tekstil\",\"description\":\"\",\"publisher\":{\"@id\":\"https:\/\/suzertekstil.com.tr\/#organization\"},\"potentialAction\":[{\"@type\":\"SearchAction\",\"target\":{\"@type\":\"EntryPoint\",\"urlTemplate\":\"https:\/\/suzertekstil.com.tr\/?s={search_term_string}\"},\"query-input\":{\"@type\":\"PropertyValueSpecification\",\"valueRequired\":true,\"valueName\":\"search_term_string\"}}],\"inLanguage\":\"en-US\"},{\"@type\":\"Organization\",\"@id\":\"https:\/\/suzertekstil.com.tr\/#organization\",\"name\":\"S\u00fczer Tekstil\",\"url\":\"https:\/\/suzertekstil.com.tr\/\",\"logo\":{\"@type\":\"ImageObject\",\"inLanguage\":\"en-US\",\"@id\":\"https:\/\/suzertekstil.com.tr\/#\/schema\/logo\/image\/\",\"url\":\"https:\/\/www.suzertekstil.com.tr\/wp-content\/uploads\/2025\/11\/suzer-og-image.jpg\",\"contentUrl\":\"https:\/\/www.suzertekstil.com.tr\/wp-content\/uploads\/2025\/11\/suzer-og-image.jpg\",\"width\":1200,\"height\":720,\"caption\":\"S\u00fczer Tekstil\"},\"image\":{\"@id\":\"https:\/\/suzertekstil.com.tr\/#\/schema\/logo\/image\/\"}}]}<\/script>\n<!-- \/ Yoast SEO plugin. -->","yoast_head_json":{"title":"\u0130leti\u015fim - S\u00fczer Tekstil Grup","robots":{"index":"index","follow":"follow","max-snippet":"max-snippet:-1","max-image-preview":"max-image-preview:large","max-video-preview":"max-video-preview:-1"},"canonical":"https:\/\/suzertekstil.com.tr\/en\/contact-us\/","og_locale":"en_US","og_type":"article","og_title":"\u0130leti\u015fim - S\u00fczer Tekstil Grup","og_description":"\u0130leti\u015fim Bize Ula\u015f\u0131n Sosyal Medya Hesaplar\u0131m\u0131z Linkedin Instagram Fabrika S\u00fczer Tekstil Grup San. ve Tic. Ltd. \u015eti. Bozburun Mah. 7045. Sok No: 5\/3 Merkezefendi 20016Denizli-T\u00fcrkiye +90 258 371 91 41info@suzertekstil.com.tr Ofis \u0130spanya &#8211; S\u00fczer Global S\u00dcZER GLOBAL, SOCIEDAD LIMITADACalle Pompeu Fabra No: 10-12 \u2013 Esc.B 1 \u2013 1APostal Code: 08860Castelldefels\/Barcelona\/SPAIN +34 617 07 53 22...","og_url":"https:\/\/suzertekstil.com.tr\/en\/contact-us\/","og_site_name":"S\u00fczer Tekstil Grup","article_modified_time":"2026-02-10T20:03:36+00:00","og_image":[{"width":1200,"height":720,"url":"https:\/\/suzertekstil.com.tr\/wp-content\/uploads\/2025\/11\/suzer-og-image.jpg","type":"image\/jpeg"}],"twitter_card":"summary_large_image","twitter_misc":{"Est. reading time":"1 minute"},"schema":{"@context":"https:\/\/schema.org","@graph":[{"@type":"WebPage","@id":"https:\/\/suzertekstil.com.tr\/iletisim\/","url":"https:\/\/suzertekstil.com.tr\/iletisim\/","name":"\u0130leti\u015fim - S\u00fczer Tekstil Grup","isPartOf":{"@id":"https:\/\/suzertekstil.com.tr\/#website"},"datePublished":"2025-08-01T08:42:06+00:00","dateModified":"2026-02-10T20:03:36+00:00","breadcrumb":{"@id":"https:\/\/suzertekstil.com.tr\/iletisim\/#breadcrumb"},"inLanguage":"en-US","potentialAction":[{"@type":"ReadAction","target":["https:\/\/suzertekstil.com.tr\/iletisim\/"]}]},{"@type":"BreadcrumbList","@id":"https:\/\/suzertekstil.com.tr\/iletisim\/#breadcrumb","itemListElement":[{"@type":"ListItem","position":1,"name":"Anasayfa","item":"https:\/\/suzertekstil.com.tr\/"},{"@type":"ListItem","position":2,"name":"\u0130leti\u015fim"}]},{"@type":"WebSite","@id":"https:\/\/suzertekstil.com.tr\/#website","url":"https:\/\/suzertekstil.com.tr\/","name":"S\u00fczer Tekstil","description":"","publisher":{"@id":"https:\/\/suzertekstil.com.tr\/#organization"},"potentialAction":[{"@type":"SearchAction","target":{"@type":"EntryPoint","urlTemplate":"https:\/\/suzertekstil.com.tr\/?s={search_term_string}"},"query-input":{"@type":"PropertyValueSpecification","valueRequired":true,"valueName":"search_term_string"}}],"inLanguage":"en-US"},{"@type":"Organization","@id":"https:\/\/suzertekstil.com.tr\/#organization","name":"S\u00fczer Tekstil","url":"https:\/\/suzertekstil.com.tr\/","logo":{"@type":"ImageObject","inLanguage":"en-US","@id":"https:\/\/suzertekstil.com.tr\/#\/schema\/logo\/image\/","url":"https:\/\/www.suzertekstil.com.tr\/wp-content\/uploads\/2025\/11\/suzer-og-image.jpg","contentUrl":"https:\/\/www.suzertekstil.com.tr\/wp-content\/uploads\/2025\/11\/suzer-og-image.jpg","width":1200,"height":720,"caption":"S\u00fczer Tekstil"},"image":{"@id":"https:\/\/suzertekstil.com.tr\/#\/schema\/logo\/image\/"}}]}},"_links":{"self":[{"href":"https:\/\/suzertekstil.com.tr\/en\/wp-json\/wp\/v2\/pages\/191","targetHints":{"allow":["GET"]}}],"collection":[{"href":"https:\/\/suzertekstil.com.tr\/en\/wp-json\/wp\/v2\/pages"}],"about":[{"href":"https:\/\/suzertekstil.com.tr\/en\/wp-json\/wp\/v2\/types\/page"}],"author":[{"embeddable":true,"href":"https:\/\/suzertekstil.com.tr\/en\/wp-json\/wp\/v2\/users\/1"}],"replies":[{"embeddable":true,"href":"https:\/\/suzertekstil.com.tr\/en\/wp-json\/wp\/v2\/comments?post=191"}],"version-history":[{"count":76,"href":"https:\/\/suzertekstil.com.tr\/en\/wp-json\/wp\/v2\/pages\/191\/revisions"}],"predecessor-version":[{"id":2422,"href":"https:\/\/suzertekstil.com.tr\/en\/wp-json\/wp\/v2\/pages\/191\/revisions\/2422"}],"wp:attachment":[{"href":"https:\/\/suzertekstil.com.tr\/en\/wp-json\/wp\/v2\/media?parent=191"}],"curies":[{"name":"wp","href":"https:\/\/api.w.org\/{rel}","templated":true}]}}