{"id":2239,"date":"2025-07-28T09:55:03","date_gmt":"2025-07-28T09:55:03","guid":{"rendered":"https:\/\/www.suzertekstil.com.tr\/?page_id=2239"},"modified":"2025-12-17T19:33:54","modified_gmt":"2025-12-17T19:33:54","slug":"kariyer","status":"publish","type":"page","link":"https:\/\/suzertekstil.com.tr\/en\/career\/","title":{"rendered":"Career"},"content":{"rendered":"<div data-elementor-type=\"wp-page\" data-elementor-id=\"2239\" class=\"elementor elementor-2239\" data-elementor-post-type=\"page\">\n\t\t\t\t<div class=\"elementor-element elementor-element-7298b65 e-con-full e-flex e-con e-parent\" data-id=\"7298b65\" data-element_type=\"container\" data-e-type=\"container\" data-settings=\"{&quot;background_background&quot;:&quot;gradient&quot;,&quot;shape_divider_bottom&quot;:&quot;curve&quot;,&quot;shape_divider_bottom_negative&quot;:&quot;yes&quot;}\">\n\t\t\t\t<div class=\"elementor-shape elementor-shape-bottom\" aria-hidden=\"true\" data-negative=\"true\">\n\t\t\t<svg xmlns=\"http:\/\/www.w3.org\/2000\/svg\" viewbox=\"0 0 1000 100\" preserveaspectratio=\"none\">\n\t<path class=\"elementor-shape-fill\" d=\"M500,97C126.7,96.3,0.8,19.8,0,0v100l1000,0V1C1000,19.4,873.3,97.8,500,97z\"\/>\n<\/svg>\t\t<\/div>\n\t\t<div class=\"elementor-element elementor-element-b5308a4 e-con-full e-flex e-con e-child\" data-id=\"b5308a4\" data-element_type=\"container\" data-e-type=\"container\">\n\t\t<div class=\"elementor-element elementor-element-6e9acb8 e-con-full e-flex e-con e-child\" data-id=\"6e9acb8\" data-element_type=\"container\" data-e-type=\"container\">\n\t\t\t\t<div class=\"elementor-element elementor-element-22330ae elementor-invisible elementor-widget elementor-widget-heading\" data-id=\"22330ae\" data-element_type=\"widget\" data-e-type=\"widget\" data-settings=\"{&quot;_animation&quot;:&quot;fadeInUp&quot;,&quot;_animation_delay&quot;:500}\" data-widget_type=\"heading.default\">\n\t\t\t\t<div class=\"elementor-widget-container\">\n\t\t\t\t\t<h2 class=\"elementor-heading-title elementor-size-default\">Career<\/h2>\t\t\t\t<\/div>\n\t\t\t\t<\/div>\n\t\t\t\t<\/div>\n\t\t\t\t<\/div>\n\t\t\t\t<\/div>\n\t\t<div class=\"elementor-element elementor-element-b19581f e-flex e-con-boxed e-con e-parent\" data-id=\"b19581f\" data-element_type=\"container\" data-e-type=\"container\">\n\t\t\t\t\t<div class=\"e-con-inner\">\n\t\t\t\t<div class=\"elementor-element elementor-element-7d419aa elementor-widget elementor-widget-text-editor\" data-id=\"7d419aa\" data-element_type=\"widget\" data-e-type=\"widget\" data-widget_type=\"text-editor.default\">\n\t\t\t\t<div class=\"elementor-widget-container\">\n\t\t\t\t\t\t\t\t\t<p style=\"text-align: center;\">You can submit your applications for open positions and career opportunities to <a href=\"mailto:info@suzertekstil.com.tr\">info@suzertekstil.com.tr<\/a> .<\/p>\t\t\t\t\t\t\t\t<\/div>\n\t\t\t\t<\/div>\n\t\t\t\t\t<\/div>\n\t\t\t\t<\/div>\n\t\t\t\t<\/div>","protected":false},"excerpt":{"rendered":"<p>Kariyer A\u00e7\u0131k pozisyonlar ve kariyer olanaklar\u0131 i\u00e7in ba\u015fvurular\u0131n\u0131z\u0131 info@suzertekstil.com.tr adresine iletebilirsiniz.<\/p>","protected":false},"author":1,"featured_media":0,"parent":0,"menu_order":0,"comment_status":"closed","ping_status":"closed","template":"","meta":{"_kad_post_transparent":"","_kad_post_title":"hide","_kad_post_layout":"fullwidth","_kad_post_sidebar_id":"","_kad_post_content_style":"unboxed","_kad_post_vertical_padding":"hide","_kad_post_feature":"hide","_kad_post_feature_position":"","_kad_post_header":false,"_kad_post_footer":false,"_kad_post_classname":"","footnotes":""},"class_list":["post-2239","page","type-page","status-publish","hentry"],"yoast_head":"<!-- This site is optimized with the Yoast SEO plugin v27.1.1 - https:\/\/yoast.com\/product\/yoast-seo-wordpress\/ -->\n<title>Kariyer - S\u00fczer Tekstil Grup<\/title>\n<meta name=\"robots\" content=\"index, follow, max-snippet:-1, max-image-preview:large, max-video-preview:-1\" \/>\n<link rel=\"canonical\" href=\"https:\/\/suzertekstil.com.tr\/en\/career\/\" \/>\n<meta property=\"og:locale\" content=\"en_US\" \/>\n<meta property=\"og:type\" content=\"article\" \/>\n<meta property=\"og:title\" content=\"Kariyer - S\u00fczer Tekstil Grup\" \/>\n<meta property=\"og:description\" content=\"Kariyer A\u00e7\u0131k pozisyonlar ve kariyer olanaklar\u0131 i\u00e7in ba\u015fvurular\u0131n\u0131z\u0131 info@suzertekstil.com.tr adresine iletebilirsiniz.\" \/>\n<meta property=\"og:url\" content=\"https:\/\/suzertekstil.com.tr\/en\/career\/\" \/>\n<meta property=\"og:site_name\" content=\"S\u00fczer Tekstil Grup\" \/>\n<meta property=\"article:modified_time\" content=\"2025-12-17T19:33:54+00:00\" \/>\n<meta property=\"og:image\" content=\"https:\/\/suzertekstil.com.tr\/wp-content\/uploads\/2025\/11\/suzer-og-image.jpg\" \/>\n\t<meta property=\"og:image:width\" content=\"1200\" \/>\n\t<meta property=\"og:image:height\" content=\"720\" \/>\n\t<meta property=\"og:image:type\" content=\"image\/jpeg\" \/>\n<meta name=\"twitter:card\" content=\"summary_large_image\" \/>\n<meta name=\"twitter:label1\" content=\"Est. reading time\" \/>\n\t<meta name=\"twitter:data1\" content=\"1 minute\" \/>\n<script type=\"application\/ld+json\" class=\"yoast-schema-graph\">{\"@context\":\"https:\/\/schema.org\",\"@graph\":[{\"@type\":\"WebPage\",\"@id\":\"https:\/\/suzertekstil.com.tr\/kariyer\/\",\"url\":\"https:\/\/suzertekstil.com.tr\/kariyer\/\",\"name\":\"Kariyer - S\u00fczer Tekstil Grup\",\"isPartOf\":{\"@id\":\"https:\/\/suzertekstil.com.tr\/#website\"},\"datePublished\":\"2025-07-28T09:55:03+00:00\",\"dateModified\":\"2025-12-17T19:33:54+00:00\",\"breadcrumb\":{\"@id\":\"https:\/\/suzertekstil.com.tr\/kariyer\/#breadcrumb\"},\"inLanguage\":\"en-US\",\"potentialAction\":[{\"@type\":\"ReadAction\",\"target\":[\"https:\/\/suzertekstil.com.tr\/kariyer\/\"]}]},{\"@type\":\"BreadcrumbList\",\"@id\":\"https:\/\/suzertekstil.com.tr\/kariyer\/#breadcrumb\",\"itemListElement\":[{\"@type\":\"ListItem\",\"position\":1,\"name\":\"Anasayfa\",\"item\":\"https:\/\/suzertekstil.com.tr\/\"},{\"@type\":\"ListItem\",\"position\":2,\"name\":\"Kariyer\"}]},{\"@type\":\"WebSite\",\"@id\":\"https:\/\/suzertekstil.com.tr\/#website\",\"url\":\"https:\/\/suzertekstil.com.tr\/\",\"name\":\"S\u00fczer Tekstil\",\"description\":\"\",\"publisher\":{\"@id\":\"https:\/\/suzertekstil.com.tr\/#organization\"},\"potentialAction\":[{\"@type\":\"SearchAction\",\"target\":{\"@type\":\"EntryPoint\",\"urlTemplate\":\"https:\/\/suzertekstil.com.tr\/?s={search_term_string}\"},\"query-input\":{\"@type\":\"PropertyValueSpecification\",\"valueRequired\":true,\"valueName\":\"search_term_string\"}}],\"inLanguage\":\"en-US\"},{\"@type\":\"Organization\",\"@id\":\"https:\/\/suzertekstil.com.tr\/#organization\",\"name\":\"S\u00fczer Tekstil\",\"url\":\"https:\/\/suzertekstil.com.tr\/\",\"logo\":{\"@type\":\"ImageObject\",\"inLanguage\":\"en-US\",\"@id\":\"https:\/\/suzertekstil.com.tr\/#\/schema\/logo\/image\/\",\"url\":\"https:\/\/www.suzertekstil.com.tr\/wp-content\/uploads\/2025\/11\/suzer-og-image.jpg\",\"contentUrl\":\"https:\/\/www.suzertekstil.com.tr\/wp-content\/uploads\/2025\/11\/suzer-og-image.jpg\",\"width\":1200,\"height\":720,\"caption\":\"S\u00fczer Tekstil\"},\"image\":{\"@id\":\"https:\/\/suzertekstil.com.tr\/#\/schema\/logo\/image\/\"}}]}<\/script>\n<!-- \/ Yoast SEO plugin. -->","yoast_head_json":{"title":"Kariyer - S\u00fczer Tekstil Grup","robots":{"index":"index","follow":"follow","max-snippet":"max-snippet:-1","max-image-preview":"max-image-preview:large","max-video-preview":"max-video-preview:-1"},"canonical":"https:\/\/suzertekstil.com.tr\/en\/career\/","og_locale":"en_US","og_type":"article","og_title":"Kariyer - S\u00fczer Tekstil Grup","og_description":"Kariyer A\u00e7\u0131k pozisyonlar ve kariyer olanaklar\u0131 i\u00e7in ba\u015fvurular\u0131n\u0131z\u0131 info@suzertekstil.com.tr adresine iletebilirsiniz.","og_url":"https:\/\/suzertekstil.com.tr\/en\/career\/","og_site_name":"S\u00fczer Tekstil Grup","article_modified_time":"2025-12-17T19:33:54+00:00","og_image":[{"width":1200,"height":720,"url":"https:\/\/suzertekstil.com.tr\/wp-content\/uploads\/2025\/11\/suzer-og-image.jpg","type":"image\/jpeg"}],"twitter_card":"summary_large_image","twitter_misc":{"Est. reading time":"1 minute"},"schema":{"@context":"https:\/\/schema.org","@graph":[{"@type":"WebPage","@id":"https:\/\/suzertekstil.com.tr\/kariyer\/","url":"https:\/\/suzertekstil.com.tr\/kariyer\/","name":"Kariyer - S\u00fczer Tekstil Grup","isPartOf":{"@id":"https:\/\/suzertekstil.com.tr\/#website"},"datePublished":"2025-07-28T09:55:03+00:00","dateModified":"2025-12-17T19:33:54+00:00","breadcrumb":{"@id":"https:\/\/suzertekstil.com.tr\/kariyer\/#breadcrumb"},"inLanguage":"en-US","potentialAction":[{"@type":"ReadAction","target":["https:\/\/suzertekstil.com.tr\/kariyer\/"]}]},{"@type":"BreadcrumbList","@id":"https:\/\/suzertekstil.com.tr\/kariyer\/#breadcrumb","itemListElement":[{"@type":"ListItem","position":1,"name":"Anasayfa","item":"https:\/\/suzertekstil.com.tr\/"},{"@type":"ListItem","position":2,"name":"Kariyer"}]},{"@type":"WebSite","@id":"https:\/\/suzertekstil.com.tr\/#website","url":"https:\/\/suzertekstil.com.tr\/","name":"S\u00fczer Tekstil","description":"","publisher":{"@id":"https:\/\/suzertekstil.com.tr\/#organization"},"potentialAction":[{"@type":"SearchAction","target":{"@type":"EntryPoint","urlTemplate":"https:\/\/suzertekstil.com.tr\/?s={search_term_string}"},"query-input":{"@type":"PropertyValueSpecification","valueRequired":true,"valueName":"search_term_string"}}],"inLanguage":"en-US"},{"@type":"Organization","@id":"https:\/\/suzertekstil.com.tr\/#organization","name":"S\u00fczer Tekstil","url":"https:\/\/suzertekstil.com.tr\/","logo":{"@type":"ImageObject","inLanguage":"en-US","@id":"https:\/\/suzertekstil.com.tr\/#\/schema\/logo\/image\/","url":"https:\/\/www.suzertekstil.com.tr\/wp-content\/uploads\/2025\/11\/suzer-og-image.jpg","contentUrl":"https:\/\/www.suzertekstil.com.tr\/wp-content\/uploads\/2025\/11\/suzer-og-image.jpg","width":1200,"height":720,"caption":"S\u00fczer Tekstil"},"image":{"@id":"https:\/\/suzertekstil.com.tr\/#\/schema\/logo\/image\/"}}]}},"_links":{"self":[{"href":"https:\/\/suzertekstil.com.tr\/en\/wp-json\/wp\/v2\/pages\/2239","targetHints":{"allow":["GET"]}}],"collection":[{"href":"https:\/\/suzertekstil.com.tr\/en\/wp-json\/wp\/v2\/pages"}],"about":[{"href":"https:\/\/suzertekstil.com.tr\/en\/wp-json\/wp\/v2\/types\/page"}],"author":[{"embeddable":true,"href":"https:\/\/suzertekstil.com.tr\/en\/wp-json\/wp\/v2\/users\/1"}],"replies":[{"embeddable":true,"href":"https:\/\/suzertekstil.com.tr\/en\/wp-json\/wp\/v2\/comments?post=2239"}],"version-history":[{"count":7,"href":"https:\/\/suzertekstil.com.tr\/en\/wp-json\/wp\/v2\/pages\/2239\/revisions"}],"predecessor-version":[{"id":2308,"href":"https:\/\/suzertekstil.com.tr\/en\/wp-json\/wp\/v2\/pages\/2239\/revisions\/2308"}],"wp:attachment":[{"href":"https:\/\/suzertekstil.com.tr\/en\/wp-json\/wp\/v2\/media?parent=2239"}],"curies":[{"name":"wp","href":"https:\/\/api.w.org\/{rel}","templated":true}]}}