{"id":333,"date":"2025-07-28T09:55:03","date_gmt":"2025-07-28T09:55:03","guid":{"rendered":"https:\/\/www.suzertekstil.com.tr\/?page_id=333"},"modified":"2026-02-04T06:33:26","modified_gmt":"2026-02-04T06:33:26","slug":"sertifikalarimiz","status":"publish","type":"page","link":"https:\/\/suzertekstil.com.tr\/en\/our-certificates\/","title":{"rendered":"Our Certificates"},"content":{"rendered":"<div data-elementor-type=\"wp-page\" data-elementor-id=\"333\" class=\"elementor elementor-333\" data-elementor-post-type=\"page\">\n\t\t\t\t<div class=\"elementor-element elementor-element-7298b65 e-con-full e-flex e-con e-parent\" data-id=\"7298b65\" data-element_type=\"container\" data-e-type=\"container\" data-settings=\"{&quot;background_background&quot;:&quot;gradient&quot;,&quot;shape_divider_bottom&quot;:&quot;curve&quot;,&quot;shape_divider_bottom_negative&quot;:&quot;yes&quot;}\">\n\t\t\t\t<div class=\"elementor-shape elementor-shape-bottom\" aria-hidden=\"true\" data-negative=\"true\">\n\t\t\t<svg xmlns=\"http:\/\/www.w3.org\/2000\/svg\" viewbox=\"0 0 1000 100\" preserveaspectratio=\"none\">\n\t<path class=\"elementor-shape-fill\" d=\"M500,97C126.7,96.3,0.8,19.8,0,0v100l1000,0V1C1000,19.4,873.3,97.8,500,97z\"\/>\n<\/svg>\t\t<\/div>\n\t\t<div class=\"elementor-element elementor-element-b5308a4 e-con-full e-flex e-con e-child\" data-id=\"b5308a4\" data-element_type=\"container\" data-e-type=\"container\">\n\t\t<div class=\"elementor-element elementor-element-6e9acb8 e-con-full e-flex e-con e-child\" data-id=\"6e9acb8\" data-element_type=\"container\" data-e-type=\"container\">\n\t\t\t\t<div class=\"elementor-element elementor-element-6d0060d elementor-invisible elementor-widget elementor-widget-heading\" data-id=\"6d0060d\" data-element_type=\"widget\" data-e-type=\"widget\" data-settings=\"{&quot;_animation&quot;:&quot;fadeInDown&quot;}\" data-widget_type=\"heading.default\">\n\t\t\t\t<div class=\"elementor-widget-container\">\n\t\t\t\t\t<h1 class=\"elementor-heading-title elementor-size-default\">Our Certificates<\/h1>\t\t\t\t<\/div>\n\t\t\t\t<\/div>\n\t\t\t\t<div class=\"elementor-element elementor-element-22330ae elementor-invisible elementor-widget elementor-widget-heading\" data-id=\"22330ae\" data-element_type=\"widget\" data-e-type=\"widget\" data-settings=\"{&quot;_animation&quot;:&quot;fadeInUp&quot;,&quot;_animation_delay&quot;:500}\" data-widget_type=\"heading.default\">\n\t\t\t\t<div class=\"elementor-widget-container\">\n\t\t\t\t\t<h2 class=\"elementor-heading-title elementor-size-default\">International Standards<\/h2>\t\t\t\t<\/div>\n\t\t\t\t<\/div>\n\t\t\t\t<\/div>\n\t\t\t\t<\/div>\n\t\t\t\t<\/div>\n\t\t<div class=\"elementor-element elementor-element-b19581f e-flex e-con-boxed e-con e-parent\" data-id=\"b19581f\" data-element_type=\"container\" data-e-type=\"container\">\n\t\t\t\t\t<div class=\"e-con-inner\">\n\t\t\t\t<div class=\"elementor-element elementor-element-c6081a4 elementor-widget elementor-widget-heading\" data-id=\"c6081a4\" data-element_type=\"widget\" data-e-type=\"widget\" data-settings=\"{&quot;_animation&quot;:&quot;none&quot;}\" data-widget_type=\"heading.default\">\n\t\t\t\t<div class=\"elementor-widget-container\">\n\t\t\t\t\t<h1 class=\"elementor-heading-title elementor-size-default\">We prioritize ensuring reliability in our production through compliance with international standards, high quality, and product continuity.<\/h1>\t\t\t\t<\/div>\n\t\t\t\t<\/div>\n\t\t\t\t\t<\/div>\n\t\t\t\t<\/div>\n\t\t<div class=\"elementor-element elementor-element-f967228 e-flex e-con-boxed e-con e-parent\" data-id=\"f967228\" data-element_type=\"container\" data-e-type=\"container\">\n\t\t\t\t\t<div class=\"e-con-inner\">\n\t\t<div class=\"elementor-element elementor-element-a34953d e-con-full e-flex e-con e-child\" data-id=\"a34953d\" data-element_type=\"container\" data-e-type=\"container\">\n\t\t\t\t<div class=\"elementor-element elementor-element-1beac6e elementor-widget elementor-widget-image-carousel\" data-id=\"1beac6e\" data-element_type=\"widget\" data-e-type=\"widget\" data-settings=\"{&quot;slides_to_show&quot;:&quot;3&quot;,&quot;navigation&quot;:&quot;none&quot;,&quot;image_spacing_custom&quot;:{&quot;unit&quot;:&quot;px&quot;,&quot;size&quot;:100,&quot;sizes&quot;:[]},&quot;motion_fx_motion_fx_scrolling&quot;:&quot;yes&quot;,&quot;motion_fx_translateX_effect&quot;:&quot;yes&quot;,&quot;speed&quot;:500,&quot;image_spacing_custom_tablet&quot;:{&quot;unit&quot;:&quot;px&quot;,&quot;size&quot;:&quot;&quot;,&quot;sizes&quot;:[]},&quot;image_spacing_custom_mobile&quot;:{&quot;unit&quot;:&quot;px&quot;,&quot;size&quot;:&quot;&quot;,&quot;sizes&quot;:[]},&quot;motion_fx_translateX_speed&quot;:{&quot;unit&quot;:&quot;px&quot;,&quot;size&quot;:4,&quot;sizes&quot;:[]},&quot;motion_fx_translateX_affectedRange&quot;:{&quot;unit&quot;:&quot;%&quot;,&quot;size&quot;:&quot;&quot;,&quot;sizes&quot;:{&quot;start&quot;:0,&quot;end&quot;:100}},&quot;motion_fx_devices&quot;:[&quot;desktop&quot;,&quot;tablet&quot;,&quot;mobile&quot;]}\" data-widget_type=\"image-carousel.default\">\n\t\t\t\t<div class=\"elementor-widget-container\">\n\t\t\t\t\t\t\t<div class=\"elementor-image-carousel-wrapper swiper\" role=\"region\" aria-roledescription=\"carousel\" aria-label=\"Image Cycle\" dir=\"ltr\">\n\t\t\t<div class=\"elementor-image-carousel swiper-wrapper\" aria-live=\"polite\">\n\t\t\t\t\t\t\t\t<div class=\"swiper-slide\" role=\"group\" aria-roledescription=\"slide\" aria-label=\"1 \/ 3\"><figure class=\"swiper-slide-inner\"><img decoding=\"async\" class=\"swiper-slide-image\" src=\"https:\/\/suzertekstil.com.tr\/wp-content\/uploads\/2025\/08\/reg-2.png\" alt=\"reg-2\" \/><\/figure><\/div><div class=\"swiper-slide\" role=\"group\" aria-roledescription=\"slide\" aria-label=\"2 \/ 3\"><figure class=\"swiper-slide-inner\"><img decoding=\"async\" class=\"swiper-slide-image\" src=\"https:\/\/suzertekstil.com.tr\/wp-content\/uploads\/2025\/08\/RCS2.png\" alt=\"RCS2\" \/><\/figure><\/div><div class=\"swiper-slide\" role=\"group\" aria-roledescription=\"slide\" aria-label=\"3 \/ 3\"><figure class=\"swiper-slide-inner\"><img decoding=\"async\" class=\"swiper-slide-image\" src=\"https:\/\/suzertekstil.com.tr\/wp-content\/uploads\/2025\/08\/OCS2-2.png\" alt=\"OCS2-2\" \/><\/figure><\/div>\t\t\t<\/div>\n\t\t\t\t\t\t\t\n\t\t\t\t\t\t\t\t\t<\/div>\n\t\t\t\t\t\t<\/div>\n\t\t\t\t<\/div>\n\t\t\t\t<div class=\"elementor-element elementor-element-554f69d elementor-widget elementor-widget-image-carousel\" data-id=\"554f69d\" data-element_type=\"widget\" data-e-type=\"widget\" data-settings=\"{&quot;slides_to_show&quot;:&quot;3&quot;,&quot;navigation&quot;:&quot;none&quot;,&quot;image_spacing_custom&quot;:{&quot;unit&quot;:&quot;px&quot;,&quot;size&quot;:100,&quot;sizes&quot;:[]},&quot;motion_fx_motion_fx_scrolling&quot;:&quot;yes&quot;,&quot;motion_fx_translateX_effect&quot;:&quot;yes&quot;,&quot;motion_fx_translateX_direction&quot;:&quot;negative&quot;,&quot;speed&quot;:500,&quot;image_spacing_custom_tablet&quot;:{&quot;unit&quot;:&quot;px&quot;,&quot;size&quot;:&quot;&quot;,&quot;sizes&quot;:[]},&quot;image_spacing_custom_mobile&quot;:{&quot;unit&quot;:&quot;px&quot;,&quot;size&quot;:&quot;&quot;,&quot;sizes&quot;:[]},&quot;motion_fx_translateX_speed&quot;:{&quot;unit&quot;:&quot;px&quot;,&quot;size&quot;:4,&quot;sizes&quot;:[]},&quot;motion_fx_translateX_affectedRange&quot;:{&quot;unit&quot;:&quot;%&quot;,&quot;size&quot;:&quot;&quot;,&quot;sizes&quot;:{&quot;start&quot;:0,&quot;end&quot;:100}},&quot;motion_fx_devices&quot;:[&quot;desktop&quot;,&quot;tablet&quot;,&quot;mobile&quot;]}\" data-widget_type=\"image-carousel.default\">\n\t\t\t\t<div class=\"elementor-widget-container\">\n\t\t\t\t\t\t\t<div class=\"elementor-image-carousel-wrapper swiper\" role=\"region\" aria-roledescription=\"carousel\" aria-label=\"Image Cycle\" dir=\"rtl\">\n\t\t\t<div class=\"elementor-image-carousel swiper-wrapper\" aria-live=\"polite\">\n\t\t\t\t\t\t\t\t<div class=\"swiper-slide\" role=\"group\" aria-roledescription=\"slide\" aria-label=\"1 \/ 2\"><figure class=\"swiper-slide-inner\"><img decoding=\"async\" class=\"swiper-slide-image\" src=\"https:\/\/suzertekstil.com.tr\/wp-content\/uploads\/2025\/08\/GRS2.png\" alt=\"GRS2\" \/><\/figure><\/div><div class=\"swiper-slide\" role=\"group\" aria-roledescription=\"slide\" aria-label=\"2 \/ 2\"><figure class=\"swiper-slide-inner\"><img decoding=\"async\" class=\"swiper-slide-image\" src=\"https:\/\/suzertekstil.com.tr\/wp-content\/uploads\/2025\/08\/GOTS-1.png\" alt=\"GOTS-1\" \/><\/figure><\/div>\t\t\t<\/div>\n\t\t\t\t\t\t\t\n\t\t\t\t\t\t\t\t\t<\/div>\n\t\t\t\t\t\t<\/div>\n\t\t\t\t<\/div>\n\t\t\t\t<div class=\"elementor-element elementor-element-a82b909 fsc-logo elementor-widget elementor-widget-image-carousel\" data-id=\"a82b909\" data-element_type=\"widget\" data-e-type=\"widget\" data-settings=\"{&quot;slides_to_show&quot;:&quot;3&quot;,&quot;navigation&quot;:&quot;none&quot;,&quot;image_spacing_custom&quot;:{&quot;unit&quot;:&quot;px&quot;,&quot;size&quot;:100,&quot;sizes&quot;:[]},&quot;motion_fx_motion_fx_scrolling&quot;:&quot;yes&quot;,&quot;motion_fx_translateX_effect&quot;:&quot;yes&quot;,&quot;speed&quot;:500,&quot;image_spacing_custom_tablet&quot;:{&quot;unit&quot;:&quot;px&quot;,&quot;size&quot;:&quot;&quot;,&quot;sizes&quot;:[]},&quot;image_spacing_custom_mobile&quot;:{&quot;unit&quot;:&quot;px&quot;,&quot;size&quot;:&quot;&quot;,&quot;sizes&quot;:[]},&quot;motion_fx_translateX_speed&quot;:{&quot;unit&quot;:&quot;px&quot;,&quot;size&quot;:4,&quot;sizes&quot;:[]},&quot;motion_fx_translateX_affectedRange&quot;:{&quot;unit&quot;:&quot;%&quot;,&quot;size&quot;:&quot;&quot;,&quot;sizes&quot;:{&quot;start&quot;:0,&quot;end&quot;:100}},&quot;motion_fx_devices&quot;:[&quot;desktop&quot;,&quot;tablet&quot;,&quot;mobile&quot;]}\" data-widget_type=\"image-carousel.default\">\n\t\t\t\t<div class=\"elementor-widget-container\">\n\t\t\t\t\t\t\t<div class=\"elementor-image-carousel-wrapper swiper\" role=\"region\" aria-roledescription=\"carousel\" aria-label=\"Image Cycle\" dir=\"ltr\">\n\t\t\t<div class=\"elementor-image-carousel swiper-wrapper\" aria-live=\"polite\">\n\t\t\t\t\t\t\t\t<div class=\"swiper-slide\" role=\"group\" aria-roledescription=\"slide\" aria-label=\"1 \/ 2\"><figure class=\"swiper-slide-inner\"><img decoding=\"async\" class=\"swiper-slide-image\" src=\"https:\/\/suzertekstil.com.tr\/wp-content\/uploads\/2025\/12\/19.HTR_.90743_GREEN.png\" alt=\"19.HTR.90743_GREEN\" \/><\/figure><\/div><div class=\"swiper-slide\" role=\"group\" aria-roledescription=\"slide\" aria-label=\"2 \/ 2\"><figure class=\"swiper-slide-inner\"><img decoding=\"async\" class=\"swiper-slide-image\" src=\"https:\/\/suzertekstil.com.tr\/wp-content\/uploads\/2025\/12\/23000128-Step-by-Oekotex.png\" alt=\"23000128-Step by Oekotex\" \/><\/figure><\/div>\t\t\t<\/div>\n\t\t\t\t\t\t\t\n\t\t\t\t\t\t\t\t\t<\/div>\n\t\t\t\t\t\t<\/div>\n\t\t\t\t<\/div>\n\t\t\t\t<\/div>\n\t\t\t\t\t<\/div>\n\t\t\t\t<\/div>\n\t\t\t\t<\/div>","protected":false},"excerpt":{"rendered":"<p>Our Certificates International Standards We prioritize ensuring confidence in our production through compliance with international standards, high quality, and product continuity.<\/p>","protected":false},"author":1,"featured_media":0,"parent":0,"menu_order":0,"comment_status":"closed","ping_status":"closed","template":"","meta":{"_kad_post_transparent":"","_kad_post_title":"hide","_kad_post_layout":"fullwidth","_kad_post_sidebar_id":"","_kad_post_content_style":"unboxed","_kad_post_vertical_padding":"hide","_kad_post_feature":"hide","_kad_post_feature_position":"","_kad_post_header":false,"_kad_post_footer":false,"_kad_post_classname":"","footnotes":""},"class_list":["post-333","page","type-page","status-publish","hentry"],"yoast_head":"<!-- This site is optimized with the Yoast SEO plugin v27.1.1 - https:\/\/yoast.com\/product\/yoast-seo-wordpress\/ -->\n<title>Sertifikalar\u0131m\u0131z - S\u00fczer Tekstil Grup<\/title>\n<meta name=\"robots\" content=\"index, follow, max-snippet:-1, max-image-preview:large, max-video-preview:-1\" \/>\n<link rel=\"canonical\" href=\"https:\/\/suzertekstil.com.tr\/en\/our-certificates\/\" \/>\n<meta property=\"og:locale\" content=\"en_US\" \/>\n<meta property=\"og:type\" content=\"article\" \/>\n<meta property=\"og:title\" content=\"Sertifikalar\u0131m\u0131z - S\u00fczer Tekstil Grup\" \/>\n<meta property=\"og:description\" content=\"Sertifikalar\u0131m\u0131z Uluslararas\u0131 Standartlar Uluslararas\u0131 standartlara uygunluk, y\u00fcksek kalite ve \u00fcr\u00fcn devaml\u0131l\u0131\u011f\u0131m\u0131z ile \u00fcretimimizde g\u00fcven sa\u011flamaya \u00f6ncelik veriyoruz.\" \/>\n<meta property=\"og:url\" content=\"https:\/\/suzertekstil.com.tr\/en\/our-certificates\/\" \/>\n<meta property=\"og:site_name\" content=\"S\u00fczer Tekstil Grup\" \/>\n<meta property=\"article:modified_time\" content=\"2026-02-04T06:33:26+00:00\" \/>\n<meta property=\"og:image\" content=\"https:\/\/www.suzertekstil.com.tr\/wp-content\/uploads\/2025\/08\/reg-2.png\" \/>\n<meta name=\"twitter:card\" content=\"summary_large_image\" \/>\n<meta name=\"twitter:label1\" content=\"Est. reading time\" \/>\n\t<meta name=\"twitter:data1\" content=\"2 minutes\" \/>\n<script type=\"application\/ld+json\" class=\"yoast-schema-graph\">{\"@context\":\"https:\/\/schema.org\",\"@graph\":[{\"@type\":\"WebPage\",\"@id\":\"https:\/\/suzertekstil.com.tr\/sertifikalarimiz\/\",\"url\":\"https:\/\/suzertekstil.com.tr\/sertifikalarimiz\/\",\"name\":\"Sertifikalar\u0131m\u0131z - S\u00fczer Tekstil Grup\",\"isPartOf\":{\"@id\":\"https:\/\/suzertekstil.com.tr\/#website\"},\"primaryImageOfPage\":{\"@id\":\"https:\/\/suzertekstil.com.tr\/sertifikalarimiz\/#primaryimage\"},\"image\":{\"@id\":\"https:\/\/suzertekstil.com.tr\/sertifikalarimiz\/#primaryimage\"},\"thumbnailUrl\":\"https:\/\/www.suzertekstil.com.tr\/wp-content\/uploads\/2025\/08\/reg-2.png\",\"datePublished\":\"2025-07-28T09:55:03+00:00\",\"dateModified\":\"2026-02-04T06:33:26+00:00\",\"breadcrumb\":{\"@id\":\"https:\/\/suzertekstil.com.tr\/sertifikalarimiz\/#breadcrumb\"},\"inLanguage\":\"en-US\",\"potentialAction\":[{\"@type\":\"ReadAction\",\"target\":[\"https:\/\/suzertekstil.com.tr\/sertifikalarimiz\/\"]}]},{\"@type\":\"ImageObject\",\"inLanguage\":\"en-US\",\"@id\":\"https:\/\/suzertekstil.com.tr\/sertifikalarimiz\/#primaryimage\",\"url\":\"https:\/\/www.suzertekstil.com.tr\/wp-content\/uploads\/2025\/08\/reg-2.png\",\"contentUrl\":\"https:\/\/www.suzertekstil.com.tr\/wp-content\/uploads\/2025\/08\/reg-2.png\"},{\"@type\":\"BreadcrumbList\",\"@id\":\"https:\/\/suzertekstil.com.tr\/sertifikalarimiz\/#breadcrumb\",\"itemListElement\":[{\"@type\":\"ListItem\",\"position\":1,\"name\":\"Anasayfa\",\"item\":\"https:\/\/suzertekstil.com.tr\/\"},{\"@type\":\"ListItem\",\"position\":2,\"name\":\"Sertifikalar\u0131m\u0131z\"}]},{\"@type\":\"WebSite\",\"@id\":\"https:\/\/suzertekstil.com.tr\/#website\",\"url\":\"https:\/\/suzertekstil.com.tr\/\",\"name\":\"S\u00fczer Tekstil\",\"description\":\"\",\"publisher\":{\"@id\":\"https:\/\/suzertekstil.com.tr\/#organization\"},\"potentialAction\":[{\"@type\":\"SearchAction\",\"target\":{\"@type\":\"EntryPoint\",\"urlTemplate\":\"https:\/\/suzertekstil.com.tr\/?s={search_term_string}\"},\"query-input\":{\"@type\":\"PropertyValueSpecification\",\"valueRequired\":true,\"valueName\":\"search_term_string\"}}],\"inLanguage\":\"en-US\"},{\"@type\":\"Organization\",\"@id\":\"https:\/\/suzertekstil.com.tr\/#organization\",\"name\":\"S\u00fczer Tekstil\",\"url\":\"https:\/\/suzertekstil.com.tr\/\",\"logo\":{\"@type\":\"ImageObject\",\"inLanguage\":\"en-US\",\"@id\":\"https:\/\/suzertekstil.com.tr\/#\/schema\/logo\/image\/\",\"url\":\"https:\/\/www.suzertekstil.com.tr\/wp-content\/uploads\/2025\/11\/suzer-og-image.jpg\",\"contentUrl\":\"https:\/\/www.suzertekstil.com.tr\/wp-content\/uploads\/2025\/11\/suzer-og-image.jpg\",\"width\":1200,\"height\":720,\"caption\":\"S\u00fczer Tekstil\"},\"image\":{\"@id\":\"https:\/\/suzertekstil.com.tr\/#\/schema\/logo\/image\/\"}}]}<\/script>\n<!-- \/ Yoast SEO plugin. -->","yoast_head_json":{"title":"Sertifikalar\u0131m\u0131z - S\u00fczer Tekstil Grup","robots":{"index":"index","follow":"follow","max-snippet":"max-snippet:-1","max-image-preview":"max-image-preview:large","max-video-preview":"max-video-preview:-1"},"canonical":"https:\/\/suzertekstil.com.tr\/en\/our-certificates\/","og_locale":"en_US","og_type":"article","og_title":"Sertifikalar\u0131m\u0131z - S\u00fczer Tekstil Grup","og_description":"Sertifikalar\u0131m\u0131z Uluslararas\u0131 Standartlar Uluslararas\u0131 standartlara uygunluk, y\u00fcksek kalite ve \u00fcr\u00fcn devaml\u0131l\u0131\u011f\u0131m\u0131z ile \u00fcretimimizde g\u00fcven sa\u011flamaya \u00f6ncelik veriyoruz.","og_url":"https:\/\/suzertekstil.com.tr\/en\/our-certificates\/","og_site_name":"S\u00fczer Tekstil Grup","article_modified_time":"2026-02-04T06:33:26+00:00","og_image":[{"url":"https:\/\/www.suzertekstil.com.tr\/wp-content\/uploads\/2025\/08\/reg-2.png","type":"","width":"","height":""}],"twitter_card":"summary_large_image","twitter_misc":{"Est. reading time":"2 minutes"},"schema":{"@context":"https:\/\/schema.org","@graph":[{"@type":"WebPage","@id":"https:\/\/suzertekstil.com.tr\/sertifikalarimiz\/","url":"https:\/\/suzertekstil.com.tr\/sertifikalarimiz\/","name":"Sertifikalar\u0131m\u0131z - S\u00fczer Tekstil Grup","isPartOf":{"@id":"https:\/\/suzertekstil.com.tr\/#website"},"primaryImageOfPage":{"@id":"https:\/\/suzertekstil.com.tr\/sertifikalarimiz\/#primaryimage"},"image":{"@id":"https:\/\/suzertekstil.com.tr\/sertifikalarimiz\/#primaryimage"},"thumbnailUrl":"https:\/\/www.suzertekstil.com.tr\/wp-content\/uploads\/2025\/08\/reg-2.png","datePublished":"2025-07-28T09:55:03+00:00","dateModified":"2026-02-04T06:33:26+00:00","breadcrumb":{"@id":"https:\/\/suzertekstil.com.tr\/sertifikalarimiz\/#breadcrumb"},"inLanguage":"en-US","potentialAction":[{"@type":"ReadAction","target":["https:\/\/suzertekstil.com.tr\/sertifikalarimiz\/"]}]},{"@type":"ImageObject","inLanguage":"en-US","@id":"https:\/\/suzertekstil.com.tr\/sertifikalarimiz\/#primaryimage","url":"https:\/\/www.suzertekstil.com.tr\/wp-content\/uploads\/2025\/08\/reg-2.png","contentUrl":"https:\/\/www.suzertekstil.com.tr\/wp-content\/uploads\/2025\/08\/reg-2.png"},{"@type":"BreadcrumbList","@id":"https:\/\/suzertekstil.com.tr\/sertifikalarimiz\/#breadcrumb","itemListElement":[{"@type":"ListItem","position":1,"name":"Anasayfa","item":"https:\/\/suzertekstil.com.tr\/"},{"@type":"ListItem","position":2,"name":"Sertifikalar\u0131m\u0131z"}]},{"@type":"WebSite","@id":"https:\/\/suzertekstil.com.tr\/#website","url":"https:\/\/suzertekstil.com.tr\/","name":"S\u00fczer Tekstil","description":"","publisher":{"@id":"https:\/\/suzertekstil.com.tr\/#organization"},"potentialAction":[{"@type":"SearchAction","target":{"@type":"EntryPoint","urlTemplate":"https:\/\/suzertekstil.com.tr\/?s={search_term_string}"},"query-input":{"@type":"PropertyValueSpecification","valueRequired":true,"valueName":"search_term_string"}}],"inLanguage":"en-US"},{"@type":"Organization","@id":"https:\/\/suzertekstil.com.tr\/#organization","name":"S\u00fczer Tekstil","url":"https:\/\/suzertekstil.com.tr\/","logo":{"@type":"ImageObject","inLanguage":"en-US","@id":"https:\/\/suzertekstil.com.tr\/#\/schema\/logo\/image\/","url":"https:\/\/www.suzertekstil.com.tr\/wp-content\/uploads\/2025\/11\/suzer-og-image.jpg","contentUrl":"https:\/\/www.suzertekstil.com.tr\/wp-content\/uploads\/2025\/11\/suzer-og-image.jpg","width":1200,"height":720,"caption":"S\u00fczer Tekstil"},"image":{"@id":"https:\/\/suzertekstil.com.tr\/#\/schema\/logo\/image\/"}}]}},"_links":{"self":[{"href":"https:\/\/suzertekstil.com.tr\/en\/wp-json\/wp\/v2\/pages\/333","targetHints":{"allow":["GET"]}}],"collection":[{"href":"https:\/\/suzertekstil.com.tr\/en\/wp-json\/wp\/v2\/pages"}],"about":[{"href":"https:\/\/suzertekstil.com.tr\/en\/wp-json\/wp\/v2\/types\/page"}],"author":[{"embeddable":true,"href":"https:\/\/suzertekstil.com.tr\/en\/wp-json\/wp\/v2\/users\/1"}],"replies":[{"embeddable":true,"href":"https:\/\/suzertekstil.com.tr\/en\/wp-json\/wp\/v2\/comments?post=333"}],"version-history":[{"count":49,"href":"https:\/\/suzertekstil.com.tr\/en\/wp-json\/wp\/v2\/pages\/333\/revisions"}],"predecessor-version":[{"id":2418,"href":"https:\/\/suzertekstil.com.tr\/en\/wp-json\/wp\/v2\/pages\/333\/revisions\/2418"}],"wp:attachment":[{"href":"https:\/\/suzertekstil.com.tr\/en\/wp-json\/wp\/v2\/media?parent=333"}],"curies":[{"name":"wp","href":"https:\/\/api.w.org\/{rel}","templated":true}]}}