{"id":336,"date":"2025-07-28T09:55:03","date_gmt":"2025-07-28T09:55:03","guid":{"rendered":"https:\/\/www.suzertekstil.com.tr\/?page_id=336"},"modified":"2025-12-18T19:40:57","modified_gmt":"2025-12-18T19:40:57","slug":"surdurulebilirlik","status":"publish","type":"page","link":"https:\/\/suzertekstil.com.tr\/en\/sustainability\/","title":{"rendered":"Sustainability"},"content":{"rendered":"<div data-elementor-type=\"wp-page\" data-elementor-id=\"336\" class=\"elementor elementor-336\" data-elementor-post-type=\"page\">\n\t\t\t\t<div class=\"elementor-element elementor-element-7298b65 e-con-full e-flex e-con e-parent\" data-id=\"7298b65\" data-element_type=\"container\" data-e-type=\"container\" data-settings=\"{&quot;background_background&quot;:&quot;gradient&quot;,&quot;shape_divider_bottom&quot;:&quot;curve&quot;,&quot;shape_divider_bottom_negative&quot;:&quot;yes&quot;}\">\n\t\t\t\t<div class=\"elementor-shape elementor-shape-bottom\" aria-hidden=\"true\" data-negative=\"true\">\n\t\t\t<svg xmlns=\"http:\/\/www.w3.org\/2000\/svg\" viewbox=\"0 0 1000 100\" preserveaspectratio=\"none\">\n\t<path class=\"elementor-shape-fill\" d=\"M500,97C126.7,96.3,0.8,19.8,0,0v100l1000,0V1C1000,19.4,873.3,97.8,500,97z\"\/>\n<\/svg>\t\t<\/div>\n\t\t<div class=\"elementor-element elementor-element-b5308a4 e-con-full e-flex e-con e-child\" data-id=\"b5308a4\" data-element_type=\"container\" data-e-type=\"container\">\n\t\t\t\t<div class=\"elementor-element elementor-element-6d0060d elementor-invisible elementor-widget elementor-widget-heading\" data-id=\"6d0060d\" data-element_type=\"widget\" data-e-type=\"widget\" data-settings=\"{&quot;_animation&quot;:&quot;fadeInDown&quot;}\" data-widget_type=\"heading.default\">\n\t\t\t\t<div class=\"elementor-widget-container\">\n\t\t\t\t\t<h1 class=\"elementor-heading-title elementor-size-default\">Sustainability<\/h1>\t\t\t\t<\/div>\n\t\t\t\t<\/div>\n\t\t\t\t<div class=\"elementor-element elementor-element-22330ae elementor-invisible elementor-widget elementor-widget-heading\" data-id=\"22330ae\" data-element_type=\"widget\" data-e-type=\"widget\" data-settings=\"{&quot;_animation&quot;:&quot;fadeInUp&quot;,&quot;_animation_delay&quot;:500}\" data-widget_type=\"heading.default\">\n\t\t\t\t<div class=\"elementor-widget-container\">\n\t\t\t\t\t<h2 class=\"elementor-heading-title elementor-size-default\">Sustainable Fabrics, A Bright Future<\/h2>\t\t\t\t<\/div>\n\t\t\t\t<\/div>\n\t\t\t\t<\/div>\n\t\t\t\t<\/div>\n\t\t<div class=\"elementor-element elementor-element-77390ce e-con-full e-flex e-con e-parent\" data-id=\"77390ce\" data-element_type=\"container\" data-e-type=\"container\">\n\t\t<div class=\"elementor-element elementor-element-c1a6f14 e-con-full e-flex e-con e-child\" data-id=\"c1a6f14\" data-element_type=\"container\" data-e-type=\"container\">\n\t\t<div class=\"elementor-element elementor-element-34f2ff0 e-con-full e-flex e-con e-child\" data-id=\"34f2ff0\" data-element_type=\"container\" data-e-type=\"container\" data-settings=\"{&quot;background_background&quot;:&quot;classic&quot;,&quot;animation&quot;:&quot;none&quot;}\">\n\t\t\t\t<div class=\"elementor-element elementor-element-0fec3df elementor-widget elementor-widget-image\" data-id=\"0fec3df\" data-element_type=\"widget\" data-e-type=\"widget\" data-widget_type=\"image.default\">\n\t\t\t\t<div class=\"elementor-widget-container\">\n\t\t\t\t\t\t\t\t\t\t\t\t\t\t\t<img fetchpriority=\"high\" decoding=\"async\" width=\"1500\" height=\"1404\" src=\"https:\/\/suzertekstil.com.tr\/wp-content\/uploads\/2025\/08\/082535-min-e1756417867763.jpg\" class=\"attachment-full size-full wp-image-607\" alt=\"\" srcset=\"https:\/\/suzertekstil.com.tr\/wp-content\/uploads\/2025\/08\/082535-min-e1756417867763.jpg 1500w, https:\/\/suzertekstil.com.tr\/wp-content\/uploads\/2025\/08\/082535-min-e1756417867763-300x281.jpg 300w, https:\/\/suzertekstil.com.tr\/wp-content\/uploads\/2025\/08\/082535-min-e1756417867763-1024x958.jpg 1024w, https:\/\/suzertekstil.com.tr\/wp-content\/uploads\/2025\/08\/082535-min-e1756417867763-768x719.jpg 768w\" sizes=\"(max-width: 1500px) 100vw, 1500px\" \/>\t\t\t\t\t\t\t\t\t\t\t\t\t\t\t<\/div>\n\t\t\t\t<\/div>\n\t\t\t\t<\/div>\n\t\t<div class=\"elementor-element elementor-element-9edf574 e-con-full e-flex elementor-invisible e-con e-child\" data-id=\"9edf574\" data-element_type=\"container\" data-e-type=\"container\" data-settings=\"{&quot;animation&quot;:&quot;fadeInRight&quot;}\">\n\t\t\t\t<div class=\"elementor-element elementor-element-3601058 elementor-widget elementor-widget-heading\" data-id=\"3601058\" data-element_type=\"widget\" data-e-type=\"widget\" data-widget_type=\"heading.default\">\n\t\t\t\t<div class=\"elementor-widget-container\">\n\t\t\t\t\t<h1 class=\"elementor-heading-title elementor-size-default\">Embracing Change Experience<\/h1>\t\t\t\t<\/div>\n\t\t\t\t<\/div>\n\t\t\t\t<div class=\"elementor-element elementor-element-73a47e5 elementor-widget__width-inherit elementor-widget-divider--view-line elementor-widget elementor-widget-divider\" data-id=\"73a47e5\" data-element_type=\"widget\" data-e-type=\"widget\" data-widget_type=\"divider.default\">\n\t\t\t\t<div class=\"elementor-widget-container\">\n\t\t\t\t\t\t\t<div class=\"elementor-divider\">\n\t\t\t<span class=\"elementor-divider-separator\">\n\t\t\t\t\t\t<\/span>\n\t\t<\/div>\n\t\t\t\t\t\t<\/div>\n\t\t\t\t<\/div>\n\t\t\t\t<div class=\"elementor-element elementor-element-0b4c2e9 elementor-widget__width-initial elementor-widget elementor-widget-text-editor\" data-id=\"0b4c2e9\" data-element_type=\"widget\" data-e-type=\"widget\" data-widget_type=\"text-editor.default\">\n\t\t\t\t<div class=\"elementor-widget-container\">\n\t\t\t\t\t\t\t\t\t<p>Our goal is to provide flawless production and service that ensures an inclusive, sustainable, and strong future for people and our planet.<\/p><p>Within the framework of social sustainability, we strive to continuously improve our development every day by aiming to create a work environment that fosters a sense of belonging among all our employees, encourages their participation in the process, and makes them feel valued.<br \/>We facilitate our employees' access to healthcare services by establishing discount agreements valid at many private hospitals. We empower employees to take ownership of the process by creating committees where they can openly express their ideas, suggestions, and criticisms. On special occasions, we make them happy with gifts that make them feel valued. We prioritize the health and safety of our employees in the workplace and conduct all our processes in accordance with national legislation and international standards.<\/p><p>Within the framework of environmental sustainability; with the aim of protecting our planet and leaving a better world for the future; we share with all our employees the awareness that we must all act with the same sense of responsibility to reduce waste, increase energy efficiency, and reduce water consumption. We train our employees in line with these goals and ensure they take responsibility. We use electricity generated from renewable sources through solar power stations. We use LED lighting throughout our facilities to reduce both waste load and energy consumption. We collect rainwater from our roofs and use it in our processes and air conditioning systems. We sort waste on-site. We send 100% of our waste for recycling and energy recovery to return it to the economic cycle.<\/p>\t\t\t\t\t\t\t\t<\/div>\n\t\t\t\t<\/div>\n\t\t\t\t<\/div>\n\t\t\t\t<\/div>\n\t\t\t\t<\/div>\n\t\t<div class=\"elementor-element elementor-element-c624df7 e-flex e-con-boxed e-con e-parent\" data-id=\"c624df7\" data-element_type=\"container\" data-e-type=\"container\" data-settings=\"{&quot;background_background&quot;:&quot;classic&quot;}\">\n\t\t\t\t\t<div class=\"e-con-inner\">\n\t\t\t\t<div class=\"elementor-element elementor-element-c04f52a elementor-widget__width-inherit elementor-view-default elementor-position-block-start elementor-mobile-position-block-start elementor-invisible elementor-widget elementor-widget-icon-box\" data-id=\"c04f52a\" data-element_type=\"widget\" data-e-type=\"widget\" data-settings=\"{&quot;_animation&quot;:&quot;fadeInUp&quot;,&quot;_animation_delay&quot;:0}\" data-widget_type=\"icon-box.default\">\n\t\t\t\t<div class=\"elementor-widget-container\">\n\t\t\t\t\t\t\t<div class=\"elementor-icon-box-wrapper\">\n\n\t\t\t\t\t\t<div class=\"elementor-icon-box-icon\">\n\t\t\t\t<span  class=\"elementor-icon\">\n\t\t\t\t<svg xmlns=\"http:\/\/www.w3.org\/2000\/svg\" class=\"icon icon-tabler icon-tabler-circle-1\" fill=\"none\" height=\"24\" stroke=\"currentColor\" stroke-linecap=\"round\" stroke-linejoin=\"round\" stroke-width=\"2\" viewbox=\"0 0 24 24\" width=\"24\"><path d=\"M0 0h24v24H0z\" fill=\"none\" stroke=\"none\"><\/path><path d=\"M12 16v-8l-2 2\"><\/path><circle cx=\"12\" cy=\"12\" r=\"9\"><\/circle><\/svg>\t\t\t\t<\/span>\n\t\t\t<\/div>\n\t\t\t\n\t\t\t\t\t\t<div class=\"elementor-icon-box-content\">\n\n\t\t\t\t\t\t\t\t\t<h3 class=\"elementor-icon-box-title\">\n\t\t\t\t\t\t<span  >\n\t\t\t\t\t\t\tEnd Poverty\t\t\t\t\t\t<\/span>\n\t\t\t\t\t<\/h3>\n\t\t\t\t\n\t\t\t\t\t\t\t\t\t<p class=\"elementor-icon-box-description\">\n\t\t\t\t\t\tWe support our employees' well-being by conducting annual fair living wage surveys.\t\t\t\t\t<\/p>\n\t\t\t\t\n\t\t\t<\/div>\n\t\t\t\n\t\t<\/div>\n\t\t\t\t\t\t<\/div>\n\t\t\t\t<\/div>\n\t\t\t\t<div class=\"elementor-element elementor-element-0f122b0 elementor-widget__width-inherit elementor-view-default elementor-position-block-start elementor-mobile-position-block-start elementor-invisible elementor-widget elementor-widget-icon-box\" data-id=\"0f122b0\" data-element_type=\"widget\" data-e-type=\"widget\" data-settings=\"{&quot;_animation&quot;:&quot;fadeInUp&quot;,&quot;_animation_delay&quot;:600}\" data-widget_type=\"icon-box.default\">\n\t\t\t\t<div class=\"elementor-widget-container\">\n\t\t\t\t\t\t\t<div class=\"elementor-icon-box-wrapper\">\n\n\t\t\t\t\t\t<div class=\"elementor-icon-box-icon\">\n\t\t\t\t<span  class=\"elementor-icon\">\n\t\t\t\t<svg xmlns=\"http:\/\/www.w3.org\/2000\/svg\" class=\"icon icon-tabler icon-tabler-circle-2\" fill=\"none\" height=\"24\" stroke=\"currentColor\" stroke-linecap=\"round\" stroke-linejoin=\"round\" stroke-width=\"2\" viewbox=\"0 0 24 24\" width=\"24\"><path d=\"M0 0h24v24H0z\" fill=\"none\" stroke=\"none\"><\/path><path d=\"M10 10a2 2 0 1 1 4 0c0 .591 -.417 1.318 -.816 1.858l-3.184 4.143l4 0\"><\/path><circle cx=\"12\" cy=\"12\" r=\"9\"><\/circle><\/svg>\t\t\t\t<\/span>\n\t\t\t<\/div>\n\t\t\t\n\t\t\t\t\t\t<div class=\"elementor-icon-box-content\">\n\n\t\t\t\t\t\t\t\t\t<h3 class=\"elementor-icon-box-title\">\n\t\t\t\t\t\t<span  >\n\t\t\t\t\t\t\tHealth and Quality of Life\t\t\t\t\t\t<\/span>\n\t\t\t\t\t<\/h3>\n\t\t\t\t\n\t\t\t\t\t\t\t\t\t<p class=\"elementor-icon-box-description\">\n\t\t\t\t\t\tWe offer our employees supplementary health insurance, and in addition, we have agreements with many private hospitals to ensure our employees receive discounted services.\t\t\t\t\t<\/p>\n\t\t\t\t\n\t\t\t<\/div>\n\t\t\t\n\t\t<\/div>\n\t\t\t\t\t\t<\/div>\n\t\t\t\t<\/div>\n\t\t\t\t<div class=\"elementor-element elementor-element-d99da22 elementor-widget__width-inherit elementor-view-default elementor-position-block-start elementor-mobile-position-block-start elementor-invisible elementor-widget elementor-widget-icon-box\" data-id=\"d99da22\" data-element_type=\"widget\" data-e-type=\"widget\" data-settings=\"{&quot;_animation&quot;:&quot;fadeInUp&quot;,&quot;_animation_delay&quot;:900}\" data-widget_type=\"icon-box.default\">\n\t\t\t\t<div class=\"elementor-widget-container\">\n\t\t\t\t\t\t\t<div class=\"elementor-icon-box-wrapper\">\n\n\t\t\t\t\t\t<div class=\"elementor-icon-box-icon\">\n\t\t\t\t<span  class=\"elementor-icon\">\n\t\t\t\t<svg xmlns=\"http:\/\/www.w3.org\/2000\/svg\" class=\"icon icon-tabler icon-tabler-circle-3\" fill=\"none\" height=\"24\" stroke=\"currentColor\" stroke-linecap=\"round\" stroke-linejoin=\"round\" stroke-width=\"2\" viewbox=\"0 0 24 24\" width=\"24\"><path d=\"M0 0h24v24H0z\" fill=\"none\" stroke=\"none\"><\/path><path d=\"M12 12a2 2 0 1 0 -2 -2\"><\/path><path d=\"M10 14a2 2 0 1 0 2 -2\"><\/path><circle cx=\"12\" cy=\"12\" r=\"9\"><\/circle><\/svg>\t\t\t\t<\/span>\n\t\t\t<\/div>\n\t\t\t\n\t\t\t\t\t\t<div class=\"elementor-icon-box-content\">\n\n\t\t\t\t\t\t\t\t\t<h3 class=\"elementor-icon-box-title\">\n\t\t\t\t\t\t<span  >\n\t\t\t\t\t\t\tQuality Education \t\t\t\t\t\t<\/span>\n\t\t\t\t\t<\/h3>\n\t\t\t\t\n\t\t\t\t\t\t\t\t\t<p class=\"elementor-icon-box-description\">\n\t\t\t\t\t\tWe create lifelong learning opportunities for our employees through our training programs.\n\t\t\t\t\t<\/p>\n\t\t\t\t\n\t\t\t<\/div>\n\t\t\t\n\t\t<\/div>\n\t\t\t\t\t\t<\/div>\n\t\t\t\t<\/div>\n\t\t\t\t\t<\/div>\n\t\t\t\t<\/div>\n\t\t\t\t<\/div>","protected":false},"excerpt":{"rendered":"<p>S\u00fcrd\u00fcr\u00fclebilirlik S\u00fcrd\u00fcr\u00fclebilir Kuma\u015flar, Parlak bir Gelecek De\u011fi\u015fimi Kucaklayan Deneyim Amac\u0131m\u0131z, insanlar ve gezegenimiz i\u00e7in kapsay\u0131c\u0131, s\u00fcrd\u00fcr\u00fclebilir ve g\u00fc\u00e7l\u00fc bir gelecek sa\u011flayan, kusursuz bir \u00fcretim ve hizmet sunmakt\u0131r. Sosyal s\u00fcrd\u00fcr\u00fclebilirlik \u00e7er\u00e7evesinde; t\u00fcm \u00e7al\u0131\u015fanlar\u0131m\u0131z\u0131n firmam\u0131za aidiyet duygular\u0131n\u0131 geli\u015ftiren, s\u00fcrece kat\u0131lmalar\u0131n\u0131 sa\u011flayan, kendilerini bir de\u011fer olarak hissettikleri \u00e7al\u0131\u015fma ortam\u0131n\u0131 sa\u011flamay\u0131 ama\u00e7layarak her ge\u00e7en g\u00fcn geli\u015fimimizi s\u00fcrd\u00fcr\u00fcyoruz.Bir \u00e7ok \u00f6zel&#8230;<\/p>","protected":false},"author":1,"featured_media":0,"parent":0,"menu_order":0,"comment_status":"closed","ping_status":"closed","template":"","meta":{"_kad_post_transparent":"","_kad_post_title":"hide","_kad_post_layout":"fullwidth","_kad_post_sidebar_id":"","_kad_post_content_style":"unboxed","_kad_post_vertical_padding":"hide","_kad_post_feature":"hide","_kad_post_feature_position":"","_kad_post_header":false,"_kad_post_footer":false,"_kad_post_classname":"","footnotes":""},"class_list":["post-336","page","type-page","status-publish","hentry"],"yoast_head":"<!-- This site is optimized with the Yoast SEO plugin v27.1.1 - https:\/\/yoast.com\/product\/yoast-seo-wordpress\/ -->\n<title>S\u00fcrd\u00fcr\u00fclebilirlik - S\u00fczer Tekstil Grup<\/title>\n<meta name=\"robots\" content=\"index, follow, max-snippet:-1, max-image-preview:large, max-video-preview:-1\" \/>\n<link rel=\"canonical\" href=\"https:\/\/suzertekstil.com.tr\/en\/sustainability\/\" \/>\n<meta property=\"og:locale\" content=\"en_US\" \/>\n<meta property=\"og:type\" content=\"article\" \/>\n<meta property=\"og:title\" content=\"S\u00fcrd\u00fcr\u00fclebilirlik - S\u00fczer Tekstil Grup\" \/>\n<meta property=\"og:description\" content=\"S\u00fcrd\u00fcr\u00fclebilirlik S\u00fcrd\u00fcr\u00fclebilir Kuma\u015flar, Parlak bir Gelecek De\u011fi\u015fimi Kucaklayan Deneyim Amac\u0131m\u0131z, insanlar ve gezegenimiz i\u00e7in kapsay\u0131c\u0131, s\u00fcrd\u00fcr\u00fclebilir ve g\u00fc\u00e7l\u00fc bir gelecek sa\u011flayan, kusursuz bir \u00fcretim ve hizmet sunmakt\u0131r. Sosyal s\u00fcrd\u00fcr\u00fclebilirlik \u00e7er\u00e7evesinde; t\u00fcm \u00e7al\u0131\u015fanlar\u0131m\u0131z\u0131n firmam\u0131za aidiyet duygular\u0131n\u0131 geli\u015ftiren, s\u00fcrece kat\u0131lmalar\u0131n\u0131 sa\u011flayan, kendilerini bir de\u011fer olarak hissettikleri \u00e7al\u0131\u015fma ortam\u0131n\u0131 sa\u011flamay\u0131 ama\u00e7layarak her ge\u00e7en g\u00fcn geli\u015fimimizi s\u00fcrd\u00fcr\u00fcyoruz.Bir \u00e7ok \u00f6zel...\" \/>\n<meta property=\"og:url\" content=\"https:\/\/suzertekstil.com.tr\/en\/sustainability\/\" \/>\n<meta property=\"og:site_name\" content=\"S\u00fczer Tekstil Grup\" \/>\n<meta property=\"article:modified_time\" content=\"2025-12-18T19:40:57+00:00\" \/>\n<meta property=\"og:image\" content=\"https:\/\/www.suzertekstil.com.tr\/wp-content\/uploads\/2025\/08\/082535-min-e1756417867763.jpg\" \/>\n<meta name=\"twitter:card\" content=\"summary_large_image\" \/>\n<meta name=\"twitter:label1\" content=\"Est. reading time\" \/>\n\t<meta name=\"twitter:data1\" content=\"2 minutes\" \/>\n<script type=\"application\/ld+json\" class=\"yoast-schema-graph\">{\"@context\":\"https:\/\/schema.org\",\"@graph\":[{\"@type\":\"WebPage\",\"@id\":\"https:\/\/suzertekstil.com.tr\/surdurulebilirlik\/\",\"url\":\"https:\/\/suzertekstil.com.tr\/surdurulebilirlik\/\",\"name\":\"S\u00fcrd\u00fcr\u00fclebilirlik - S\u00fczer Tekstil Grup\",\"isPartOf\":{\"@id\":\"https:\/\/suzertekstil.com.tr\/#website\"},\"primaryImageOfPage\":{\"@id\":\"https:\/\/suzertekstil.com.tr\/surdurulebilirlik\/#primaryimage\"},\"image\":{\"@id\":\"https:\/\/suzertekstil.com.tr\/surdurulebilirlik\/#primaryimage\"},\"thumbnailUrl\":\"https:\/\/www.suzertekstil.com.tr\/wp-content\/uploads\/2025\/08\/082535-min-e1756417867763.jpg\",\"datePublished\":\"2025-07-28T09:55:03+00:00\",\"dateModified\":\"2025-12-18T19:40:57+00:00\",\"breadcrumb\":{\"@id\":\"https:\/\/suzertekstil.com.tr\/surdurulebilirlik\/#breadcrumb\"},\"inLanguage\":\"en-US\",\"potentialAction\":[{\"@type\":\"ReadAction\",\"target\":[\"https:\/\/suzertekstil.com.tr\/surdurulebilirlik\/\"]}]},{\"@type\":\"ImageObject\",\"inLanguage\":\"en-US\",\"@id\":\"https:\/\/suzertekstil.com.tr\/surdurulebilirlik\/#primaryimage\",\"url\":\"https:\/\/www.suzertekstil.com.tr\/wp-content\/uploads\/2025\/08\/082535-min-e1756417867763.jpg\",\"contentUrl\":\"https:\/\/www.suzertekstil.com.tr\/wp-content\/uploads\/2025\/08\/082535-min-e1756417867763.jpg\"},{\"@type\":\"BreadcrumbList\",\"@id\":\"https:\/\/suzertekstil.com.tr\/surdurulebilirlik\/#breadcrumb\",\"itemListElement\":[{\"@type\":\"ListItem\",\"position\":1,\"name\":\"Anasayfa\",\"item\":\"https:\/\/suzertekstil.com.tr\/\"},{\"@type\":\"ListItem\",\"position\":2,\"name\":\"S\u00fcrd\u00fcr\u00fclebilirlik\"}]},{\"@type\":\"WebSite\",\"@id\":\"https:\/\/suzertekstil.com.tr\/#website\",\"url\":\"https:\/\/suzertekstil.com.tr\/\",\"name\":\"S\u00fczer Tekstil\",\"description\":\"\",\"publisher\":{\"@id\":\"https:\/\/suzertekstil.com.tr\/#organization\"},\"potentialAction\":[{\"@type\":\"SearchAction\",\"target\":{\"@type\":\"EntryPoint\",\"urlTemplate\":\"https:\/\/suzertekstil.com.tr\/?s={search_term_string}\"},\"query-input\":{\"@type\":\"PropertyValueSpecification\",\"valueRequired\":true,\"valueName\":\"search_term_string\"}}],\"inLanguage\":\"en-US\"},{\"@type\":\"Organization\",\"@id\":\"https:\/\/suzertekstil.com.tr\/#organization\",\"name\":\"S\u00fczer Tekstil\",\"url\":\"https:\/\/suzertekstil.com.tr\/\",\"logo\":{\"@type\":\"ImageObject\",\"inLanguage\":\"en-US\",\"@id\":\"https:\/\/suzertekstil.com.tr\/#\/schema\/logo\/image\/\",\"url\":\"https:\/\/www.suzertekstil.com.tr\/wp-content\/uploads\/2025\/11\/suzer-og-image.jpg\",\"contentUrl\":\"https:\/\/www.suzertekstil.com.tr\/wp-content\/uploads\/2025\/11\/suzer-og-image.jpg\",\"width\":1200,\"height\":720,\"caption\":\"S\u00fczer Tekstil\"},\"image\":{\"@id\":\"https:\/\/suzertekstil.com.tr\/#\/schema\/logo\/image\/\"}}]}<\/script>\n<!-- \/ Yoast SEO plugin. -->","yoast_head_json":{"title":"S\u00fcrd\u00fcr\u00fclebilirlik - S\u00fczer Tekstil Grup","robots":{"index":"index","follow":"follow","max-snippet":"max-snippet:-1","max-image-preview":"max-image-preview:large","max-video-preview":"max-video-preview:-1"},"canonical":"https:\/\/suzertekstil.com.tr\/en\/sustainability\/","og_locale":"en_US","og_type":"article","og_title":"S\u00fcrd\u00fcr\u00fclebilirlik - S\u00fczer Tekstil Grup","og_description":"S\u00fcrd\u00fcr\u00fclebilirlik S\u00fcrd\u00fcr\u00fclebilir Kuma\u015flar, Parlak bir Gelecek De\u011fi\u015fimi Kucaklayan Deneyim Amac\u0131m\u0131z, insanlar ve gezegenimiz i\u00e7in kapsay\u0131c\u0131, s\u00fcrd\u00fcr\u00fclebilir ve g\u00fc\u00e7l\u00fc bir gelecek sa\u011flayan, kusursuz bir \u00fcretim ve hizmet sunmakt\u0131r. Sosyal s\u00fcrd\u00fcr\u00fclebilirlik \u00e7er\u00e7evesinde; t\u00fcm \u00e7al\u0131\u015fanlar\u0131m\u0131z\u0131n firmam\u0131za aidiyet duygular\u0131n\u0131 geli\u015ftiren, s\u00fcrece kat\u0131lmalar\u0131n\u0131 sa\u011flayan, kendilerini bir de\u011fer olarak hissettikleri \u00e7al\u0131\u015fma ortam\u0131n\u0131 sa\u011flamay\u0131 ama\u00e7layarak her ge\u00e7en g\u00fcn geli\u015fimimizi s\u00fcrd\u00fcr\u00fcyoruz.Bir \u00e7ok \u00f6zel...","og_url":"https:\/\/suzertekstil.com.tr\/en\/sustainability\/","og_site_name":"S\u00fczer Tekstil Grup","article_modified_time":"2025-12-18T19:40:57+00:00","og_image":[{"url":"https:\/\/www.suzertekstil.com.tr\/wp-content\/uploads\/2025\/08\/082535-min-e1756417867763.jpg","type":"","width":"","height":""}],"twitter_card":"summary_large_image","twitter_misc":{"Est. reading time":"2 minutes"},"schema":{"@context":"https:\/\/schema.org","@graph":[{"@type":"WebPage","@id":"https:\/\/suzertekstil.com.tr\/surdurulebilirlik\/","url":"https:\/\/suzertekstil.com.tr\/surdurulebilirlik\/","name":"S\u00fcrd\u00fcr\u00fclebilirlik - S\u00fczer Tekstil Grup","isPartOf":{"@id":"https:\/\/suzertekstil.com.tr\/#website"},"primaryImageOfPage":{"@id":"https:\/\/suzertekstil.com.tr\/surdurulebilirlik\/#primaryimage"},"image":{"@id":"https:\/\/suzertekstil.com.tr\/surdurulebilirlik\/#primaryimage"},"thumbnailUrl":"https:\/\/www.suzertekstil.com.tr\/wp-content\/uploads\/2025\/08\/082535-min-e1756417867763.jpg","datePublished":"2025-07-28T09:55:03+00:00","dateModified":"2025-12-18T19:40:57+00:00","breadcrumb":{"@id":"https:\/\/suzertekstil.com.tr\/surdurulebilirlik\/#breadcrumb"},"inLanguage":"en-US","potentialAction":[{"@type":"ReadAction","target":["https:\/\/suzertekstil.com.tr\/surdurulebilirlik\/"]}]},{"@type":"ImageObject","inLanguage":"en-US","@id":"https:\/\/suzertekstil.com.tr\/surdurulebilirlik\/#primaryimage","url":"https:\/\/www.suzertekstil.com.tr\/wp-content\/uploads\/2025\/08\/082535-min-e1756417867763.jpg","contentUrl":"https:\/\/www.suzertekstil.com.tr\/wp-content\/uploads\/2025\/08\/082535-min-e1756417867763.jpg"},{"@type":"BreadcrumbList","@id":"https:\/\/suzertekstil.com.tr\/surdurulebilirlik\/#breadcrumb","itemListElement":[{"@type":"ListItem","position":1,"name":"Anasayfa","item":"https:\/\/suzertekstil.com.tr\/"},{"@type":"ListItem","position":2,"name":"S\u00fcrd\u00fcr\u00fclebilirlik"}]},{"@type":"WebSite","@id":"https:\/\/suzertekstil.com.tr\/#website","url":"https:\/\/suzertekstil.com.tr\/","name":"S\u00fczer Tekstil","description":"","publisher":{"@id":"https:\/\/suzertekstil.com.tr\/#organization"},"potentialAction":[{"@type":"SearchAction","target":{"@type":"EntryPoint","urlTemplate":"https:\/\/suzertekstil.com.tr\/?s={search_term_string}"},"query-input":{"@type":"PropertyValueSpecification","valueRequired":true,"valueName":"search_term_string"}}],"inLanguage":"en-US"},{"@type":"Organization","@id":"https:\/\/suzertekstil.com.tr\/#organization","name":"S\u00fczer Tekstil","url":"https:\/\/suzertekstil.com.tr\/","logo":{"@type":"ImageObject","inLanguage":"en-US","@id":"https:\/\/suzertekstil.com.tr\/#\/schema\/logo\/image\/","url":"https:\/\/www.suzertekstil.com.tr\/wp-content\/uploads\/2025\/11\/suzer-og-image.jpg","contentUrl":"https:\/\/www.suzertekstil.com.tr\/wp-content\/uploads\/2025\/11\/suzer-og-image.jpg","width":1200,"height":720,"caption":"S\u00fczer Tekstil"},"image":{"@id":"https:\/\/suzertekstil.com.tr\/#\/schema\/logo\/image\/"}}]}},"_links":{"self":[{"href":"https:\/\/suzertekstil.com.tr\/en\/wp-json\/wp\/v2\/pages\/336","targetHints":{"allow":["GET"]}}],"collection":[{"href":"https:\/\/suzertekstil.com.tr\/en\/wp-json\/wp\/v2\/pages"}],"about":[{"href":"https:\/\/suzertekstil.com.tr\/en\/wp-json\/wp\/v2\/types\/page"}],"author":[{"embeddable":true,"href":"https:\/\/suzertekstil.com.tr\/en\/wp-json\/wp\/v2\/users\/1"}],"replies":[{"embeddable":true,"href":"https:\/\/suzertekstil.com.tr\/en\/wp-json\/wp\/v2\/comments?post=336"}],"version-history":[{"count":97,"href":"https:\/\/suzertekstil.com.tr\/en\/wp-json\/wp\/v2\/pages\/336\/revisions"}],"predecessor-version":[{"id":2340,"href":"https:\/\/suzertekstil.com.tr\/en\/wp-json\/wp\/v2\/pages\/336\/revisions\/2340"}],"wp:attachment":[{"href":"https:\/\/suzertekstil.com.tr\/en\/wp-json\/wp\/v2\/media?parent=336"}],"curies":[{"name":"wp","href":"https:\/\/api.w.org\/{rel}","templated":true}]}}