{"id":453,"date":"2025-07-28T09:55:03","date_gmt":"2025-07-28T09:55:03","guid":{"rendered":"https:\/\/www.suzertekstil.com.tr\/?page_id=453"},"modified":"2025-12-18T19:22:57","modified_gmt":"2025-12-18T19:22:57","slug":"genel-aydinlatma-metni-2","status":"publish","type":"page","link":"https:\/\/suzertekstil.com.tr\/en\/general-information-text\/","title":{"rendered":"General Information Text"},"content":{"rendered":"<div data-elementor-type=\"wp-page\" data-elementor-id=\"453\" class=\"elementor elementor-453\" data-elementor-post-type=\"page\">\n\t\t\t\t<div class=\"elementor-element elementor-element-7298b65 e-con-full e-flex e-con e-parent\" data-id=\"7298b65\" data-element_type=\"container\" data-e-type=\"container\" data-settings=\"{&quot;background_background&quot;:&quot;gradient&quot;,&quot;shape_divider_bottom&quot;:&quot;curve&quot;,&quot;shape_divider_bottom_negative&quot;:&quot;yes&quot;}\">\n\t\t\t\t<div class=\"elementor-shape elementor-shape-bottom\" aria-hidden=\"true\" data-negative=\"true\">\n\t\t\t<svg xmlns=\"http:\/\/www.w3.org\/2000\/svg\" viewbox=\"0 0 1000 100\" preserveaspectratio=\"none\">\n\t<path class=\"elementor-shape-fill\" d=\"M500,97C126.7,96.3,0.8,19.8,0,0v100l1000,0V1C1000,19.4,873.3,97.8,500,97z\"\/>\n<\/svg>\t\t<\/div>\n\t\t<div class=\"elementor-element elementor-element-b5308a4 e-con-full e-flex e-con e-child\" data-id=\"b5308a4\" data-element_type=\"container\" data-e-type=\"container\">\n\t\t<div class=\"elementor-element elementor-element-6e9acb8 e-con-full e-flex e-con e-child\" data-id=\"6e9acb8\" data-element_type=\"container\" data-e-type=\"container\">\n\t\t\t\t<div class=\"elementor-element elementor-element-6d0060d elementor-widget elementor-widget-heading\" data-id=\"6d0060d\" data-element_type=\"widget\" data-e-type=\"widget\" data-widget_type=\"heading.default\">\n\t\t\t\t<div class=\"elementor-widget-container\">\n\t\t\t\t\t<h1 class=\"elementor-heading-title elementor-size-default\">General Information Text<\/h1>\t\t\t\t<\/div>\n\t\t\t\t<\/div>\n\t\t\t\t<\/div>\n\t\t\t\t<\/div>\n\t\t\t\t<\/div>\n\t\t<div class=\"elementor-element elementor-element-91329de e-flex e-con-boxed e-con e-parent\" data-id=\"91329de\" data-element_type=\"container\" data-e-type=\"container\">\n\t\t\t\t\t<div class=\"e-con-inner\">\n\t\t\t\t<div class=\"elementor-element elementor-element-2ea50be elementor-widget elementor-widget-spacer\" data-id=\"2ea50be\" data-element_type=\"widget\" data-e-type=\"widget\" data-widget_type=\"spacer.default\">\n\t\t\t\t<div class=\"elementor-widget-container\">\n\t\t\t\t\t\t\t<div class=\"elementor-spacer\">\n\t\t\t<div class=\"elementor-spacer-inner\"><\/div>\n\t\t<\/div>\n\t\t\t\t\t\t<\/div>\n\t\t\t\t<\/div>\n\t\t\t\t\t<\/div>\n\t\t\t\t<\/div>\n\t\t<div class=\"elementor-element elementor-element-00cbb14 e-flex e-con-boxed e-con e-parent\" data-id=\"00cbb14\" data-element_type=\"container\" data-e-type=\"container\">\n\t\t\t\t\t<div class=\"e-con-inner\">\n\t\t\t\t<div class=\"elementor-element elementor-element-26e3e43 elementor-widget elementor-widget-html\" data-id=\"26e3e43\" data-element_type=\"widget\" data-e-type=\"widget\" data-widget_type=\"html.default\">\n\t\t\t\t<div class=\"elementor-widget-container\">\n\t\t\t\t\t<iframe src=\"https:\/\/www.suzertekstil.com.tr\/wp-content\/uploads\/2025\/12\/genel-aydinlatma-metni-1.pdf\" width=\"100%\" height=\"1190\"><\/iframe>\t\t\t\t<\/div>\n\t\t\t\t<\/div>\n\t\t<div class=\"elementor-element elementor-element-c391480 e-con-full e-flex e-con e-child\" data-id=\"c391480\" data-element_type=\"container\" data-e-type=\"container\">\n\t\t\t\t<div class=\"elementor-element elementor-element-13d586a elementor-widget elementor-widget-spacer\" data-id=\"13d586a\" data-element_type=\"widget\" data-e-type=\"widget\" data-widget_type=\"spacer.default\">\n\t\t\t\t<div class=\"elementor-widget-container\">\n\t\t\t\t\t\t\t<div class=\"elementor-spacer\">\n\t\t\t<div class=\"elementor-spacer-inner\"><\/div>\n\t\t<\/div>\n\t\t\t\t\t\t<\/div>\n\t\t\t\t<\/div>\n\t\t\t\t<\/div>\n\t\t\t\t\t<\/div>\n\t\t\t\t<\/div>\n\t\t\t\t<\/div>","protected":false},"excerpt":{"rendered":"<p>General Information Text<\/p>","protected":false},"author":1,"featured_media":0,"parent":0,"menu_order":0,"comment_status":"closed","ping_status":"closed","template":"","meta":{"_kad_post_transparent":"","_kad_post_title":"hide","_kad_post_layout":"fullwidth","_kad_post_sidebar_id":"","_kad_post_content_style":"unboxed","_kad_post_vertical_padding":"hide","_kad_post_feature":"hide","_kad_post_feature_position":"","_kad_post_header":false,"_kad_post_footer":false,"_kad_post_classname":"","footnotes":""},"class_list":["post-453","page","type-page","status-publish","hentry"],"yoast_head":"<!-- This site is optimized with the Yoast SEO plugin v27.1.1 - https:\/\/yoast.com\/product\/yoast-seo-wordpress\/ -->\n<title>Genel Ayd\u0131nlatma Metni - S\u00fczer Tekstil Grup<\/title>\n<meta name=\"robots\" content=\"index, follow, max-snippet:-1, max-image-preview:large, max-video-preview:-1\" \/>\n<link rel=\"canonical\" href=\"https:\/\/suzertekstil.com.tr\/en\/general-information-text\/\" \/>\n<meta property=\"og:locale\" content=\"en_US\" \/>\n<meta property=\"og:type\" content=\"article\" \/>\n<meta property=\"og:title\" content=\"Genel Ayd\u0131nlatma Metni - S\u00fczer Tekstil Grup\" \/>\n<meta property=\"og:description\" content=\"Genel Ayd\u0131nlatma Metni\" \/>\n<meta property=\"og:url\" content=\"https:\/\/suzertekstil.com.tr\/en\/general-information-text\/\" \/>\n<meta property=\"og:site_name\" content=\"S\u00fczer Tekstil Grup\" \/>\n<meta property=\"article:modified_time\" content=\"2025-12-18T19:22:57+00:00\" \/>\n<meta property=\"og:image\" content=\"https:\/\/suzertekstil.com.tr\/wp-content\/uploads\/2025\/11\/suzer-og-image.jpg\" \/>\n\t<meta property=\"og:image:width\" content=\"1200\" \/>\n\t<meta property=\"og:image:height\" content=\"720\" \/>\n\t<meta property=\"og:image:type\" content=\"image\/jpeg\" \/>\n<meta name=\"twitter:card\" content=\"summary_large_image\" \/>\n<meta name=\"twitter:label1\" content=\"Est. reading time\" \/>\n\t<meta name=\"twitter:data1\" content=\"1 minute\" \/>\n<script type=\"application\/ld+json\" class=\"yoast-schema-graph\">{\"@context\":\"https:\/\/schema.org\",\"@graph\":[{\"@type\":\"WebPage\",\"@id\":\"https:\/\/suzertekstil.com.tr\/en\/general-information-text\/\",\"url\":\"https:\/\/suzertekstil.com.tr\/en\/general-information-text\/\",\"name\":\"Genel Ayd\u0131nlatma Metni - S\u00fczer Tekstil Grup\",\"isPartOf\":{\"@id\":\"https:\/\/suzertekstil.com.tr\/#website\"},\"datePublished\":\"2025-07-28T09:55:03+00:00\",\"dateModified\":\"2025-12-18T19:22:57+00:00\",\"breadcrumb\":{\"@id\":\"https:\/\/suzertekstil.com.tr\/en\/general-information-text\/#breadcrumb\"},\"inLanguage\":\"en-US\",\"potentialAction\":[{\"@type\":\"ReadAction\",\"target\":[\"https:\/\/suzertekstil.com.tr\/en\/general-information-text\/\"]}]},{\"@type\":\"BreadcrumbList\",\"@id\":\"https:\/\/suzertekstil.com.tr\/en\/general-information-text\/#breadcrumb\",\"itemListElement\":[{\"@type\":\"ListItem\",\"position\":1,\"name\":\"Anasayfa\",\"item\":\"https:\/\/suzertekstil.com.tr\/\"},{\"@type\":\"ListItem\",\"position\":2,\"name\":\"Genel Ayd\u0131nlatma Metni\"}]},{\"@type\":\"WebSite\",\"@id\":\"https:\/\/suzertekstil.com.tr\/#website\",\"url\":\"https:\/\/suzertekstil.com.tr\/\",\"name\":\"S\u00fczer Tekstil\",\"description\":\"\",\"publisher\":{\"@id\":\"https:\/\/suzertekstil.com.tr\/#organization\"},\"potentialAction\":[{\"@type\":\"SearchAction\",\"target\":{\"@type\":\"EntryPoint\",\"urlTemplate\":\"https:\/\/suzertekstil.com.tr\/?s={search_term_string}\"},\"query-input\":{\"@type\":\"PropertyValueSpecification\",\"valueRequired\":true,\"valueName\":\"search_term_string\"}}],\"inLanguage\":\"en-US\"},{\"@type\":\"Organization\",\"@id\":\"https:\/\/suzertekstil.com.tr\/#organization\",\"name\":\"S\u00fczer Tekstil\",\"url\":\"https:\/\/suzertekstil.com.tr\/\",\"logo\":{\"@type\":\"ImageObject\",\"inLanguage\":\"en-US\",\"@id\":\"https:\/\/suzertekstil.com.tr\/#\/schema\/logo\/image\/\",\"url\":\"https:\/\/www.suzertekstil.com.tr\/wp-content\/uploads\/2025\/11\/suzer-og-image.jpg\",\"contentUrl\":\"https:\/\/www.suzertekstil.com.tr\/wp-content\/uploads\/2025\/11\/suzer-og-image.jpg\",\"width\":1200,\"height\":720,\"caption\":\"S\u00fczer Tekstil\"},\"image\":{\"@id\":\"https:\/\/suzertekstil.com.tr\/#\/schema\/logo\/image\/\"}}]}<\/script>\n<!-- \/ Yoast SEO plugin. -->","yoast_head_json":{"title":"Genel Ayd\u0131nlatma Metni - S\u00fczer Tekstil Grup","robots":{"index":"index","follow":"follow","max-snippet":"max-snippet:-1","max-image-preview":"max-image-preview:large","max-video-preview":"max-video-preview:-1"},"canonical":"https:\/\/suzertekstil.com.tr\/en\/general-information-text\/","og_locale":"en_US","og_type":"article","og_title":"Genel Ayd\u0131nlatma Metni - S\u00fczer Tekstil Grup","og_description":"Genel Ayd\u0131nlatma Metni","og_url":"https:\/\/suzertekstil.com.tr\/en\/general-information-text\/","og_site_name":"S\u00fczer Tekstil Grup","article_modified_time":"2025-12-18T19:22:57+00:00","og_image":[{"width":1200,"height":720,"url":"https:\/\/suzertekstil.com.tr\/wp-content\/uploads\/2025\/11\/suzer-og-image.jpg","type":"image\/jpeg"}],"twitter_card":"summary_large_image","twitter_misc":{"Est. reading time":"1 minute"},"schema":{"@context":"https:\/\/schema.org","@graph":[{"@type":"WebPage","@id":"https:\/\/suzertekstil.com.tr\/en\/general-information-text\/","url":"https:\/\/suzertekstil.com.tr\/en\/general-information-text\/","name":"Genel Ayd\u0131nlatma Metni - S\u00fczer Tekstil Grup","isPartOf":{"@id":"https:\/\/suzertekstil.com.tr\/#website"},"datePublished":"2025-07-28T09:55:03+00:00","dateModified":"2025-12-18T19:22:57+00:00","breadcrumb":{"@id":"https:\/\/suzertekstil.com.tr\/en\/general-information-text\/#breadcrumb"},"inLanguage":"en-US","potentialAction":[{"@type":"ReadAction","target":["https:\/\/suzertekstil.com.tr\/en\/general-information-text\/"]}]},{"@type":"BreadcrumbList","@id":"https:\/\/suzertekstil.com.tr\/en\/general-information-text\/#breadcrumb","itemListElement":[{"@type":"ListItem","position":1,"name":"Anasayfa","item":"https:\/\/suzertekstil.com.tr\/"},{"@type":"ListItem","position":2,"name":"Genel Ayd\u0131nlatma Metni"}]},{"@type":"WebSite","@id":"https:\/\/suzertekstil.com.tr\/#website","url":"https:\/\/suzertekstil.com.tr\/","name":"S\u00fczer Tekstil","description":"","publisher":{"@id":"https:\/\/suzertekstil.com.tr\/#organization"},"potentialAction":[{"@type":"SearchAction","target":{"@type":"EntryPoint","urlTemplate":"https:\/\/suzertekstil.com.tr\/?s={search_term_string}"},"query-input":{"@type":"PropertyValueSpecification","valueRequired":true,"valueName":"search_term_string"}}],"inLanguage":"en-US"},{"@type":"Organization","@id":"https:\/\/suzertekstil.com.tr\/#organization","name":"S\u00fczer Tekstil","url":"https:\/\/suzertekstil.com.tr\/","logo":{"@type":"ImageObject","inLanguage":"en-US","@id":"https:\/\/suzertekstil.com.tr\/#\/schema\/logo\/image\/","url":"https:\/\/www.suzertekstil.com.tr\/wp-content\/uploads\/2025\/11\/suzer-og-image.jpg","contentUrl":"https:\/\/www.suzertekstil.com.tr\/wp-content\/uploads\/2025\/11\/suzer-og-image.jpg","width":1200,"height":720,"caption":"S\u00fczer Tekstil"},"image":{"@id":"https:\/\/suzertekstil.com.tr\/#\/schema\/logo\/image\/"}}]}},"_links":{"self":[{"href":"https:\/\/suzertekstil.com.tr\/en\/wp-json\/wp\/v2\/pages\/453","targetHints":{"allow":["GET"]}}],"collection":[{"href":"https:\/\/suzertekstil.com.tr\/en\/wp-json\/wp\/v2\/pages"}],"about":[{"href":"https:\/\/suzertekstil.com.tr\/en\/wp-json\/wp\/v2\/types\/page"}],"author":[{"embeddable":true,"href":"https:\/\/suzertekstil.com.tr\/en\/wp-json\/wp\/v2\/users\/1"}],"replies":[{"embeddable":true,"href":"https:\/\/suzertekstil.com.tr\/en\/wp-json\/wp\/v2\/comments?post=453"}],"version-history":[{"count":10,"href":"https:\/\/suzertekstil.com.tr\/en\/wp-json\/wp\/v2\/pages\/453\/revisions"}],"predecessor-version":[{"id":2316,"href":"https:\/\/suzertekstil.com.tr\/en\/wp-json\/wp\/v2\/pages\/453\/revisions\/2316"}],"wp:attachment":[{"href":"https:\/\/suzertekstil.com.tr\/en\/wp-json\/wp\/v2\/media?parent=453"}],"curies":[{"name":"wp","href":"https:\/\/api.w.org\/{rel}","templated":true}]}}